{"id":2124,"date":"2025-08-31T15:30:27","date_gmt":"2025-08-31T15:30:27","guid":{"rendered":"https:\/\/teaphor.com\/?page_id=2124"},"modified":"2025-11-03T23:20:52","modified_gmt":"2025-11-03T23:20:52","slug":"intellectual-property-notice","status":"publish","type":"page","link":"https:\/\/teaphor.com\/fr\/intellectual-property-notice\/","title":{"rendered":"Mentions relatives \u00e0 la propri\u00e9t\u00e9 intellectuelle"},"content":{"rendered":"<p>Tout le contenu publi\u00e9 sur le site https:\/\/www.teaphor.com est la propri\u00e9t\u00e9 exclusive de <strong>TEAPHOR (Soci\u00e9t\u00e9 Teaphor)<\/strong>, sauf indication contraire. Ceci inclut, mais n'est pas limit\u00e9 \u00e0 :<\/p>\n\n\n\n<p>- Descriptions de produits, articles et autres textes ;<\/p>\n\n\n\n<p>- Photographies, images, graphiques et illustrations ;<\/p>\n\n\n\n<p>- Logos, marques, noms commerciaux et identit\u00e9 de la marque ;<\/p>\n\n\n\n<p>- Conception, mise en page et code source du site web.<\/p>\n\n\n\n<p>Ce contenu est prot\u00e9g\u00e9 par <strong>les lois fran\u00e7aises et internationales sur la propri\u00e9t\u00e9 intellectuelle<\/strong>, y compris le droit d'auteur et le droit des marques.<\/p>\n\n\n\n<p>Vous n'\u00eates pas autoris\u00e9 \u00e0 reproduire, distribuer, modifier, publier, transmettre ou cr\u00e9er des \u0153uvres d\u00e9riv\u00e9es de toute partie de ce site web sans notre accord \u00e9crit pr\u00e9alable.<\/p>\n\n\n\n<p><strong>Utilisation autoris\u00e9e :<\/strong><\/p>\n\n\n\n<p>- Vous pouvez consulter, t\u00e9l\u00e9charger et imprimer le contenu du site web pour un usage strictement personnel et non commercial.<\/p>\n\n\n\n<p>- Toute autre utilisation, y compris la reproduction \u00e0 des fins commerciales, n\u00e9cessite une autorisation \u00e9crite expresse de TEAPHOR.<\/p>\n\n\n\n<p><strong>Marques d\u00e9pos\u00e9es :<\/strong><\/p>\n\n\n\n<p>Le nom <strong>TEAPHOR<\/strong>, Le logo et les \u00e9l\u00e9ments de la marque sont des marques d\u00e9pos\u00e9es et prot\u00e9g\u00e9es. Toute utilisation non autoris\u00e9e constitue une contrefa\u00e7on et peut donner lieu \u00e0 des poursuites judiciaires.<\/p>","protected":false},"excerpt":{"rendered":"<p>All content published on this website https:\/\/www.teaphor.com is the exclusive property of TEAPHOR (Teaphor Company), unless otherwise stated. This includes, but is not limited to: \u2022 Product descriptions, articles, and other texts; \u2022 Photographs, images, graphics, and illustrations; \u2022 Logos, trademarks, trade names, and brand identity; \u2022 Website design, layout, and source code. Such content&#8230;<\/p>","protected":false},"author":1,"featured_media":0,"parent":0,"menu_order":0,"comment_status":"closed","ping_status":"closed","template":"","meta":{"_acf_changed":false,"_kad_blocks_custom_css":"","_kad_blocks_head_custom_js":"","_kad_blocks_body_custom_js":"","_kad_blocks_footer_custom_js":"","_kad_post_transparent":"","_kad_post_title":"","_kad_post_layout":"fullwidth","_kad_post_sidebar_id":"","_kad_post_content_style":"","_kad_post_vertical_padding":"","_kad_post_feature":"","_kad_post_feature_position":"","_kad_post_header":false,"_kad_post_footer":false,"_kad_post_classname":"","footnotes":""},"class_list":["post-2124","page","type-page","status-publish","hentry"],"acf":[],"aioseo_notices":[],"taxonomy_info":[],"featured_image_src_large":false,"author_info":{"display_name":"thichoulife@gmail.com","author_link":"https:\/\/teaphor.com\/fr\/author\/thichoulifegmail-com\/"},"comment_info":0,"_links":{"self":[{"href":"https:\/\/teaphor.com\/fr\/wp-json\/wp\/v2\/pages\/2124","targetHints":{"allow":["GET"]}}],"collection":[{"href":"https:\/\/teaphor.com\/fr\/wp-json\/wp\/v2\/pages"}],"about":[{"href":"https:\/\/teaphor.com\/fr\/wp-json\/wp\/v2\/types\/page"}],"author":[{"embeddable":true,"href":"https:\/\/teaphor.com\/fr\/wp-json\/wp\/v2\/users\/1"}],"replies":[{"embeddable":true,"href":"https:\/\/teaphor.com\/fr\/wp-json\/wp\/v2\/comments?post=2124"}],"version-history":[{"count":2,"href":"https:\/\/teaphor.com\/fr\/wp-json\/wp\/v2\/pages\/2124\/revisions"}],"predecessor-version":[{"id":3083,"href":"https:\/\/teaphor.com\/fr\/wp-json\/wp\/v2\/pages\/2124\/revisions\/3083"}],"wp:attachment":[{"href":"https:\/\/teaphor.com\/fr\/wp-json\/wp\/v2\/media?parent=2124"}],"curies":[{"name":"wp","href":"https:\/\/api.w.org\/{rel}","templated":true}]}}