{"id":4008,"date":"2025-12-11T23:25:47","date_gmt":"2025-12-11T23:25:47","guid":{"rendered":"https:\/\/teaphor.com\/?page_id=4008"},"modified":"2025-12-13T12:00:18","modified_gmt":"2025-12-13T12:00:18","slug":"newsletter","status":"publish","type":"page","link":"https:\/\/teaphor.com\/fr\/newsletter\/","title":{"rendered":"NEWSLETTER"},"content":{"rendered":"<p class=\"has-medium-font-size\"><\/p>\n\n\n\n\n\n<!-- Begin Brevo Form (FR) - Fixed LTR + punctuation + alignment -->\n<style>\n  @font-face {\n    font-display: block;\n    font-family: Roboto;\n    src: url(https:\/\/assets.brevo.com\/font\/Roboto\/Latin\/normal\/normal\/7529907e9eaf8ebb5220c5f9850e3811.woff2) format(\"woff2\"),\n         url(https:\/\/assets.brevo.com\/font\/Roboto\/Latin\/normal\/normal\/25c678feafdc175a70922a116c9be3e7.woff) format(\"woff\");\n  }\n  @font-face {\n    font-display: fallback;\n    font-family: Roboto;\n    font-weight: 600;\n    src: url(https:\/\/assets.brevo.com\/font\/Roboto\/Latin\/medium\/normal\/6e9caeeafb1f3491be3e32744bc30440.woff2) format(\"woff2\"),\n         url(https:\/\/assets.brevo.com\/font\/Roboto\/Latin\/medium\/normal\/71501f0d8d5aa95960f6475d5487d4c2.woff) format(\"woff\");\n  }\n  @font-face {\n    font-display: fallback;\n    font-family: Roboto;\n    font-weight: 700;\n    src: url(https:\/\/assets.brevo.com\/font\/Roboto\/Latin\/bold\/normal\/3ef7cf158f310cf752d5ad08cd0e7e60.woff2) format(\"woff2\"),\n         url(https:\/\/assets.brevo.com\/font\/Roboto\/Latin\/bold\/normal\/ece3a1d82f18b60bcce0211725c476aa.woff) format(\"woff\");\n  }\n\n  \/* Keep placeholders LTR *\/\n  #sib-container input:-ms-input-placeholder,\n  #sib-container input::placeholder,\n  #sib-container textarea::placeholder {\n    text-align: left;\n    font-family: Helvetica, sans-serif;\n    color: #c0ccda;\n    direction: ltr;\n    unicode-bidi: plaintext;\n  }\n\n  #sib-container a { text-decoration: underline; color: #2BB2FC; }\n\n  \/* Force everything inside the form to be LTR (prevents punctuation issues) *\/\n  #sib-form-container,\n  #sib-container,\n  #sib-container * {\n    direction: ltr !important;\n    unicode-bidi: plaintext !important;\n  }\n\n  \/* Optional: make the text block look nicer (you can remove) *\/\n  #sib-container .sib-form-block p {\n    margin: 0;\n  }\n<\/style>\n\n<link rel=\"stylesheet\" href=\"https:\/\/sibforms.com\/forms\/end-form\/build\/sib-styles.css\">\n\n<div class=\"sib-form\" style=\"text-align:center; background-color:transparent;\">\n  <div id=\"sib-form-container\" class=\"sib-form-container\">\n\n    <div id=\"error-message\" class=\"sib-form-message-panel\"\n         style=\"font-size:16px; text-align:left; font-family:Helvetica, sans-serif; color:#661d1d; background-color:#ffeded; border-radius:3px; border-color:#ff4949; max-width:540px;\">\n      <div class=\"sib-form-message-panel__text sib-form-message-panel__text--center\">\n        <svg viewbox=\"0 0 512 512\" class=\"sib-icon sib-notification__icon\" aria-hidden=\"true\">\n          <path d=\"M256 40c118.621 0 216 96.075 216 216 0 119.291-96.61 216-216 216-119.244 0-216-96.562-216-216 0-119.203 96.602-216 216-216m0-32C119.043 8 8 119.083 8 256c0 136.997 111.043 248 248 248s248-111.003 248-248C504 119.083 392.957 8 256 8zm-11.49 120h22.979c6.823 0 12.274 5.682 11.99 12.5l-7 168c-.268 6.428-5.556 11.5-11.99 11.5h-8.979c-6.433 0-11.722-5.073-11.99-11.5l-7-168c-.283-6.818 5.167-12.5 11.99-12.5zM256 340c-15.464 0-28 12.536-28 28s12.536 28 28 28 28-12.536 28-28-12.536-28-28-28z\"\/>\n        <\/svg>\n        <span class=\"sib-form-message-panel__inner-text\">\n          Impossible d\u2019enregistrer votre abonnement. Merci de r\u00e9essayer.\n        <\/span>\n      <\/div>\n    <\/div>\n\n    <div id=\"success-message\" class=\"sib-form-message-panel\"\n         style=\"font-size:16px; text-align:left; font-family:Helvetica, sans-serif; color:#085229; background-color:#e7faf0; border-radius:3px; border-color:#13ce66; max-width:540px;\">\n      <div class=\"sib-form-message-panel__text sib-form-message-panel__text--center\">\n        <svg viewbox=\"0 0 512 512\" class=\"sib-icon sib-notification__icon\" aria-hidden=\"true\">\n          <path d=\"M256 8C119.033 8 8 119.033 8 256s111.033 248 248 248 248-111.033 248-248S392.967 8 256 8zm0 464c-118.664 0-216-96.055-216-216 0-118.663 96.055-216 216-216 118.664 0 216 96.055 216 216 0 118.663-96.055 216-216 216zm141.63-274.961L217.15 376.071c-4.705 4.667-12.303 4.637-16.97-.068l-85.878-86.572c-4.667-4.705-4.637-12.303.068-16.97l8.52-8.451c4.705-4.667 12.303-4.637 16.97.068l68.976 69.533 163.441-162.13c4.705-4.667 12.303-4.637 16.97.068l8.451 8.52c4.668 4.705 4.637 12.303-.068 16.97z\"\/>\n        <\/svg>\n        <span class=\"sib-form-message-panel__inner-text\">\n          Votre inscription a \u00e9t\u00e9 r\u00e9alis\u00e9e avec succ\u00e8s.\n        <\/span>\n      <\/div>\n    <\/div>\n\n    <div id=\"sib-container\" class=\"sib-container--large sib-container--vertical\"\n         style=\"text-align:center; background-color:rgba(246,245,239,0.49); max-width:540px; border-radius:3px; border-width:0px; border-color:#000000; border-style:solid; direction:ltr; unicode-bidi:plaintext;\">\n\n      <form id=\"sib-form\" method=\"POST\"\n            action=\"https:\/\/10334b58.sibforms.com\/serve\/MUIFALxgnDzofryXQRmvOFuw34RDb3cAJR3g0Yi5kcNVYZjkxeqWSdQ4MQ_D_cMDxlbMNbrg-Fd-GMh5KdH3j6TXMpRtIChPzfFCsDVAT6uiUxDkbNTDemVc9uSTF1ZT2iK39ZhLcaLfze33S1qSldOwfiZwTLDjeooOVJkMiQGzIrqtBOtQLR5O6Ii7AK853qTiLBggGFTRSHrw\"\n            data-type=\"subscription\">\n\n        <div style=\"padding:16px 0;\">\n          <div class=\"sib-form-block\"\n               style=\"font-size:30px; text-align:center; font-family:Garamond, serif; color:#000000; background-color:transparent;\">\n            <p>\n              Inscrivez-vous \u00e0 notre newsletter pour recevoir des conseils autour du th\u00e9, nos nouvelles sorties, des histoires de nos plantations partenaires, des notes de d\u00e9gustation et des offres saisonni\u00e8res exclusives.\n            <\/p>\n          <\/div>\n        <\/div>\n\n        <div style=\"padding:16px 0;\">\n          <div class=\"sib-input sib-form-block\">\n            <div class=\"form__entry entry_block\">\n              <div class=\"form__label-row\">\n                <div class=\"entry__field\">\n                  <input class=\"input\" type=\"text\" id=\"EMAIL\" name=\"EMAIL\" autocomplete=\"off\"\n                         placeholder=\"EMAIL\" data-required=\"true\" required \/>\n                <\/div>\n              <\/div>\n              <label class=\"entry__error entry__error--primary\"\n                     style=\"font-size:16px; text-align:left; font-family:Helvetica, sans-serif; color:#661d1d; background-color:#ffeded; border-radius:3px; border-color:#ff4949;\">\n              <\/label>\n            <\/div>\n          <\/div>\n        <\/div>\n\n        <div style=\"padding:16px 0;\">\n          <div class=\"sib-captcha sib-form-block\">\n            <div class=\"form__entry entry_block\">\n              <div class=\"form__label-row\">\n                <script>\n                  function handleCaptchaResponse() {\n                    var event = new Event('captchaChange');\n                    document.getElementById('sib-captcha').dispatchEvent(event);\n                    window.grecaptcha = window.turnstile;\n                  }\n                <\/script>\n                <div class=\"cf-turnstile g-recaptcha\"\n                     data-sitekey=\"0x4AAAAAACGHfJoyRQLDgvxP\"\n                     id=\"sib-captcha\"\n                     data-callback=\"handleCaptchaResponse\"\n                     data-language=\"fr\"><\/div>\n              <\/div>\n              <label class=\"entry__error entry__error--primary\"\n                     style=\"font-size:16px; text-align:left; font-family:Helvetica, sans-serif; color:#661d1d; background-color:#ffeded; border-radius:3px; border-color:#ff4949;\">\n              <\/label>\n            <\/div>\n          <\/div>\n        <\/div>\n\n        <div style=\"padding:16px 0;\">\n          <div class=\"sib-optin sib-form-block\" data-required=\"true\">\n            <div class=\"form__entry entry_mcq\">\n              <div class=\"form__label-row\">\n                <div class=\"entry__choice\" style=\"text-align:left; padding-right:0;\">\n                  <label>\n                    <input type=\"checkbox\" class=\"input_replaced\" value=\"1\" id=\"OPT_IN\" name=\"OPT_IN\" required \/>\n                    <span class=\"checkbox checkbox_tick_positive\" style=\"margin-right:0.5em\"><\/span>\n                    <span style=\"font-size:14px; text-align:left; font-family:Garamond, serif; color:#3C4858; background-color:transparent;\">\n                      <p style=\"margin:0;\">\n                        J'accepte de recevoir vos e-mails et confirme avoir pris connaissance de votre politique de confidentialit\u00e9 et mentions l\u00e9gales.\n                      <\/p>\n                      <span data-required=\"*\" style=\"display:inline;\" class=\"entry__label entry__label_optin\"><\/span>\n                    <\/span>\n                  <\/label>\n                <\/div>\n              <\/div>\n              <label class=\"entry__error entry__error--primary\"\n                     style=\"font-size:16px; text-align:left; font-family:Helvetica, sans-serif; color:#661d1d; background-color:#ffeded; border-radius:3px; border-color:#ff4949;\">\n              <\/label>\n            <\/div>\n          <\/div>\n        <\/div>\n\n        <div style=\"padding:16px 0;\">\n          <div class=\"sib-form-block\" style=\"text-align:center;\">\n            <button class=\"sib-form-block__button sib-form-block__button-with-loader\"\n                    style=\"font-size:16px; text-align:center; font-family:Garamond, serif; color:#FFFFFF; background-color:#ada250; border-radius:3px; border-width:0px;\"\n                    form=\"sib-form\" type=\"submit\">\n              <svg class=\"icon clickable__icon progress-indicator__icon sib-hide-loader-icon\" viewbox=\"0 0 512 512\" aria-hidden=\"true\">\n                <path d=\"M460.116 373.846l-20.823-12.022c-5.541-3.199-7.54-10.159-4.663-15.874 30.137-59.886 28.343-131.652-5.386-189.946-33.641-58.394-94.896-95.833-161.827-99.676C261.028 55.961 256 50.751 256 44.352V20.309c0-6.904 5.808-12.337 12.703-11.982 83.556 4.306 160.163 50.864 202.11 123.677 42.063 72.696 44.079 162.316 6.031 236.832-3.14 6.148-10.75 8.461-16.728 5.01z\"\/>\n              <\/svg>\n              S'ABONNER\n            <\/button>\n          <\/div>\n        <\/div>\n\n        <input type=\"text\" name=\"email_address_check\" value=\"\" class=\"input--hidden\">\n        <input type=\"hidden\" name=\"locale\" value=\"fr\">\n      <\/form>\n    <\/div>\n  <\/div>\n<\/div>\n\n<script>\n  window.REQUIRED_CODE_ERROR_MESSAGE = 'Veuillez choisir un indicatif.';\n  window.LOCALE = 'fr';\n  window.EMAIL_INVALID_MESSAGE = window.SMS_INVALID_MESSAGE = \"Les informations fournies sont invalides. Veuillez v\u00e9rifier le format des champs et r\u00e9essayer.\";\n  window.REQUIRED_ERROR_MESSAGE = \"Ce champ ne peut pas \u00eatre laiss\u00e9 vide. \";\n  window.GENERIC_INVALID_MESSAGE = \"Les informations fournies sont invalides. Veuillez v\u00e9rifier le format des champs et r\u00e9essayer.\";\n\n  window.translation = {\n    common: {\n      selectedList: '{quantity} liste s\u00e9lectionn\u00e9e',\n      selectedLists: '{quantity} listes s\u00e9lectionn\u00e9es',\n      selectedOption: '{quantity} s\u00e9lectionn\u00e9',\n      selectedOptions: '{quantity} s\u00e9lectionn\u00e9s',\n    }\n  };\n\n  var AUTOHIDE = Boolean(0);\n<\/script>\n\n<script defer src=\"https:\/\/sibforms.com\/forms\/end-form\/build\/main.js\"><\/script>\n<script src=\"https:\/\/challenges.cloudflare.com\/turnstile\/v0\/api.js\" async defer><\/script>\n<!-- End Brevo Form (FR) -->","protected":false},"excerpt":{"rendered":"<p>Impossible d\u2019enregistrer votre abonnement. Merci de r\u00e9essayer. Votre inscription a \u00e9t\u00e9 r\u00e9alis\u00e9e avec succ\u00e8s. Rejoignez notre newsletter pour recevoir des conseils autour du th\u00e9, nos nouvelles sorties, des histoires de nos plantations partenaires, des notes de d\u00e9gustation et des offres saisonni\u00e8res exclusives. J&#8217;accepte de recevoir vos e-mails et confirme avoir pris connaissance de votre politique&#8230;<\/p>","protected":false},"author":2,"featured_media":0,"parent":0,"menu_order":0,"comment_status":"closed","ping_status":"closed","template":"","meta":{"_acf_changed":false,"_kad_blocks_custom_css":"","_kad_blocks_head_custom_js":"","_kad_blocks_body_custom_js":"","_kad_blocks_footer_custom_js":"","_kad_post_transparent":"","_kad_post_title":"","_kad_post_layout":"normal","_kad_post_sidebar_id":"","_kad_post_content_style":"","_kad_post_vertical_padding":"","_kad_post_feature":"","_kad_post_feature_position":"","_kad_post_header":false,"_kad_post_footer":false,"_kad_post_classname":"","footnotes":""},"class_list":["post-4008","page","type-page","status-publish","hentry"],"acf":[],"aioseo_notices":[],"taxonomy_info":[],"featured_image_src_large":false,"author_info":{"display_name":"TEA PHOR","author_link":"https:\/\/teaphor.com\/fr\/author\/teaphor\/"},"comment_info":0,"_links":{"self":[{"href":"https:\/\/teaphor.com\/fr\/wp-json\/wp\/v2\/pages\/4008","targetHints":{"allow":["GET"]}}],"collection":[{"href":"https:\/\/teaphor.com\/fr\/wp-json\/wp\/v2\/pages"}],"about":[{"href":"https:\/\/teaphor.com\/fr\/wp-json\/wp\/v2\/types\/page"}],"author":[{"embeddable":true,"href":"https:\/\/teaphor.com\/fr\/wp-json\/wp\/v2\/users\/2"}],"replies":[{"embeddable":true,"href":"https:\/\/teaphor.com\/fr\/wp-json\/wp\/v2\/comments?post=4008"}],"version-history":[{"count":7,"href":"https:\/\/teaphor.com\/fr\/wp-json\/wp\/v2\/pages\/4008\/revisions"}],"predecessor-version":[{"id":4032,"href":"https:\/\/teaphor.com\/fr\/wp-json\/wp\/v2\/pages\/4008\/revisions\/4032"}],"wp:attachment":[{"href":"https:\/\/teaphor.com\/fr\/wp-json\/wp\/v2\/media?parent=4008"}],"curies":[{"name":"wp","href":"https:\/\/api.w.org\/{rel}","templated":true}]}}