{"id":2336,"date":"2025-09-14T15:21:53","date_gmt":"2025-09-14T15:21:53","guid":{"rendered":"https:\/\/teaphor.com\/?post_type=product&#038;p=2336"},"modified":"2026-01-24T21:27:11","modified_gmt":"2026-01-24T21:27:11","slug":"long-jing-dragon-well","status":"publish","type":"product","link":"https:\/\/teaphor.com\/fr\/shop\/green-tea\/long-jing-dragon-well\/","title":{"rendered":"\ud83c\udf3fPremium Long Jing - Cueilli \u00e0 la main du milieu \u00e0 la fin du printemps"},"content":{"rendered":"<p>\ud83c\udf3f<i>Ce th\u00e9 provient de jardins de th\u00e9 certifi\u00e9s BIO en Chine, cultiv\u00e9s avec soin et dans le respect de la nature.<\/i><\/p>\n<p class=\"p1\">L\u2019ar\u00f4me du Long Jing \/ Dragon Well est \u00e9l\u00e9gant et complexe, avec une fra\u00eecheur d\u00e9licate \u00e9voquant les champs printaniers apr\u00e8s la pluie. Son parfum est pur et vivifiant, jamais envahissant, mais raffin\u00e9 et persistant.<\/p>\n<p class=\"p1\">Le longjing est traditionnellement class\u00e9 dans les cat\u00e9gories suivantes <strong>Mingqian Long jing <\/strong>et <strong>Yuqian Long jing<\/strong>.<\/p>\n<p class=\"p4\">Le Long Jing Mingqian est r\u00e9colt\u00e9 avant le festival de Qingming (la f\u00eate de Tous les Saints en Chine) au d\u00e9but du printemps, pris\u00e9 pour sa fra\u00eecheur d\u00e9licate et son ar\u00f4me umami.<\/p>\n<p class=\"p4\">Le Long Jing Yuqian (avant la pluie) est r\u00e9colt\u00e9 avant la p\u00e9riode de la Grain Rain (fin avril), et poss\u00e8de un corps plus plein ainsi qu\u2019un go\u00fbt plus prononc\u00e9, gr\u00e2ce \u00e0 sa teneur plus \u00e9lev\u00e9e en polyph\u00e9nols du th\u00e9.<\/p>\n<p class=\"p1\">En bouche, le Long Jing r\u00e9v\u00e8le un caract\u00e8re doux et rond : un \u00e9quilibre entre vivacit\u00e9 fra\u00eeche et douceur d\u00e9licate. La liqueur est claire et lumineuse, laissant une agr\u00e9able sensation rafra\u00eechissante en fin de bouche. Cette harmonie entre d\u00e9licatesse et profondeur en fait l\u2019une des expressions les plus c\u00e9l\u00e9br\u00e9es du th\u00e9 vert chinois.<\/p>\n<p><strong><em>L\u00e9ger \u00e0 fort<\/em><\/strong><\/p>\n<p><img decoding=\"async\" class=\"alignnone size-medium wp-image-2308\" src=\"https:\/\/teaphor.com\/wp-content\/webp-express\/webp-images\/uploads\/2025\/08\/LEVEL-3-300x66.png.webp\" alt=\"\" width=\"300\" height=\"66\" srcset=\"https:\/\/teaphor.com\/wp-content\/webp-express\/webp-images\/uploads\/2025\/08\/LEVEL-3-300x66.png.webp 300w, https:\/\/teaphor.com\/wp-content\/webp-express\/webp-images\/uploads\/2025\/08\/LEVEL-3-18x4.png.webp 18w, https:\/\/teaphor.com\/wp-content\/webp-express\/webp-images\/uploads\/2025\/08\/LEVEL-3.png.webp 400w\" sizes=\"(max-width: 300px) 100vw, 300px\" \/><\/p>\n<p><strong><em>De l'amer \/ astringent au doux \/ Umaimi\u00a0<\/em><\/strong><\/p>\n<p><img decoding=\"async\" class=\"alignnone size-medium wp-image-2307\" src=\"https:\/\/teaphor.com\/wp-content\/webp-express\/webp-images\/uploads\/2025\/08\/level-4-300x61.png.webp\" alt=\"\" width=\"300\" height=\"61\" srcset=\"https:\/\/teaphor.com\/wp-content\/webp-express\/webp-images\/uploads\/2025\/08\/level-4-300x61.png.webp 300w, https:\/\/teaphor.com\/wp-content\/webp-express\/webp-images\/uploads\/2025\/08\/level-4-18x4.png.webp 18w, https:\/\/teaphor.com\/wp-content\/webp-express\/webp-images\/uploads\/2025\/08\/level-4.png.webp 400w\" sizes=\"(max-width: 300px) 100vw, 300px\" \/><\/p>\n<p><em><strong>Caf\u00e9ine<\/strong><\/em><\/p>\n<p><img decoding=\"async\" class=\"alignnone size-medium wp-image-2308\" src=\"https:\/\/teaphor.com\/wp-content\/webp-express\/webp-images\/uploads\/2025\/08\/LEVEL-3-300x66.png.webp\" alt=\"\" width=\"300\" height=\"66\" srcset=\"https:\/\/teaphor.com\/wp-content\/webp-express\/webp-images\/uploads\/2025\/08\/LEVEL-3-300x66.png.webp 300w, https:\/\/teaphor.com\/wp-content\/webp-express\/webp-images\/uploads\/2025\/08\/LEVEL-3-18x4.png.webp 18w, https:\/\/teaphor.com\/wp-content\/webp-express\/webp-images\/uploads\/2025\/08\/LEVEL-3.png.webp 400w\" sizes=\"(max-width: 300px) 100vw, 300px\" \/><\/p>\n<p class=\"p1\">La fra\u00eecheur et l\u2019astringence du th\u00e9 vert sont souvent s\u00e9par\u00e9es de quelques secondes seulement. Si la temp\u00e9rature de l\u2019eau est trop \u00e9lev\u00e9e ou si le temps d\u2019infusion est trop long, le th\u00e9 peut rapidement devenir trop astringent, le th\u00e9 vert \u00e9tant le moins transform\u00e9 et visant \u00e0 pr\u00e9server le caract\u00e8re naturel des feuilles fra\u00eeches. En revanche, avec la bonne temp\u00e9rature et une infusion br\u00e8ve, vous pouvez savourer \u00e0 chaque gorg\u00e9e la pure saveur rafra\u00eechissante du printemps.<\/p>","protected":false},"excerpt":{"rendered":"<p class=\"p1\">Le Long Jing, \u00e9galement appel\u00e9 Dragon Well, fait partie des dix th\u00e9s c\u00e9l\u00e8bres de Chine et est un v\u00e9ritable repr\u00e9sentant des th\u00e9s verts chinois. Ses feuilles sont plates et fines, ressemblant \u00e0 de petites feuilles de bambou, et l\u2019infusion offre une saveur fra\u00eeche, vive et agr\u00e9ablement persistante.<\/p>\n<p class=\"p4\">Le Longjing est souvent d\u00e9crit comme d\u00e9gageant un ar\u00f4me caract\u00e9ristique de l\u00e9gumineuses, rappelant celui des grains fra\u00eechement torr\u00e9fi\u00e9s. D\u2019autres y per\u00e7oivent des notes florales rappelant l\u2019orchid\u00e9e, tandis que certains sentent une douceur subtile \u00e9voquant la ch\u00e2taigne crue. Cette complexit\u00e9 unique fait du Longjing un th\u00e9 qui stimule l\u2019imagination et offre une exp\u00e9rience diff\u00e9rente \u00e0 chaque d\u00e9gustateur.<\/p>\n<p class=\"p4\">Pour de nombreux amateurs de th\u00e9 (comme moi), le Longjing est le premier choix lorsqu\u2019ils recherchent un th\u00e9 vert \u00e0 la fois rafra\u00eechissant et cors\u00e9.<\/p>","protected":false},"featured_media":2338,"comment_status":"open","ping_status":"closed","template":"","meta":{"_acf_changed":false,"_kad_blocks_custom_css":"","_kad_blocks_head_custom_js":"","_kad_blocks_body_custom_js":"","_kad_blocks_footer_custom_js":"","_kad_post_transparent":"default","_kad_post_title":"","_kad_post_layout":"default","_kad_post_sidebar_id":"","_kad_post_content_style":"default","_kad_post_vertical_padding":"default","_kad_post_feature":"","_kad_post_feature_position":"","_kad_post_header":false,"_kad_post_footer":false,"_kad_post_classname":""},"product_brand":[],"product_cat":[17,183],"product_tag":[100,66,52,110,104,59,105,98,99,94,101,53],"class_list":{"0":"post-2336","1":"product","2":"type-product","3":"status-publish","4":"has-post-thumbnail","6":"product_cat-green-tea","7":"product_cat-promo","8":"product_tag-fresh","9":"product_tag-gaiwan","10":"product_tag-green-tea","11":"product_tag-ice-tea-base","12":"product_tag-office-tea","13":"product_tag-pure-tea","14":"product_tag-rich-flavor","15":"product_tag-smooth","16":"product_tag-spring","17":"product_tag-sweet","18":"product_tag-umami","19":"product_tag-wood","20":"pa_caffeine-low","21":"pa_element-wood","22":"pa_flavor-fresh","23":"pa_flavor-nutty","24":"pa_flavor-umami-sweet","25":"pa_intensity-medium","26":"pa_roast-level-unroasted","28":"first","29":"instock","30":"sale","31":"taxable","32":"shipping-taxable","33":"purchasable","34":"product-type-variable","35":"entry","36":"content-bg","37":"loop-entry"},"acf":[],"aioseo_notices":[],"taxonomy_info":{"product_cat":[{"value":17,"label":"Green Teas"},{"value":183,"label":"PROMO"}],"product_tag":[{"value":100,"label":"Fresh"},{"value":66,"label":"Gaiwan"},{"value":52,"label":"Green Tea"},{"value":110,"label":"Ice Tea Base"},{"value":104,"label":"Office Tea"},{"value":59,"label":"Pure Tea"},{"value":105,"label":"Rich Flavor"},{"value":98,"label":"Smooth"},{"value":99,"label":"Spring"},{"value":94,"label":"Sweet"},{"value":101,"label":"Umami"},{"value":53,"label":"Wood"}],"pa_caffeine":[{"value":149,"label":"Low"}],"pa_element":[{"value":156,"label":"Wood"}],"pa_flavor":[{"value":172,"label":"Fresh"},{"value":175,"label":"Nutty"},{"value":167,"label":"Umami \/ Sweet"}],"pa_intensity":[{"value":169,"label":"Medium"}],"pa_roast-level":[{"value":159,"label":"Unroasted"}]},"featured_image_src_large":["https:\/\/teaphor.com\/wp-content\/uploads\/2025\/09\/LONG-JING.jpg",800,800,false],"author_info":[],"comment_info":1,"_links":{"self":[{"href":"https:\/\/teaphor.com\/fr\/wp-json\/wp\/v2\/product\/2336","targetHints":{"allow":["GET"]}}],"collection":[{"href":"https:\/\/teaphor.com\/fr\/wp-json\/wp\/v2\/product"}],"about":[{"href":"https:\/\/teaphor.com\/fr\/wp-json\/wp\/v2\/types\/product"}],"replies":[{"embeddable":true,"href":"https:\/\/teaphor.com\/fr\/wp-json\/wp\/v2\/comments?post=2336"}],"wp:featuredmedia":[{"embeddable":true,"href":"https:\/\/teaphor.com\/fr\/wp-json\/wp\/v2\/media\/2338"}],"wp:attachment":[{"href":"https:\/\/teaphor.com\/fr\/wp-json\/wp\/v2\/media?parent=2336"}],"wp:term":[{"taxonomy":"product_brand","embeddable":true,"href":"https:\/\/teaphor.com\/fr\/wp-json\/wp\/v2\/product_brand?post=2336"},{"taxonomy":"product_cat","embeddable":true,"href":"https:\/\/teaphor.com\/fr\/wp-json\/wp\/v2\/product_cat?post=2336"},{"taxonomy":"product_tag","embeddable":true,"href":"https:\/\/teaphor.com\/fr\/wp-json\/wp\/v2\/product_tag?post=2336"}],"curies":[{"name":"wp","href":"https:\/\/api.w.org\/{rel}","templated":true}]}}