{"id":2345,"date":"2025-09-15T21:30:45","date_gmt":"2025-09-15T21:30:45","guid":{"rendered":"https:\/\/teaphor.com\/?post_type=product&#038;p=2345"},"modified":"2026-01-24T21:25:15","modified_gmt":"2026-01-24T21:25:15","slug":"maofeng-huang-shan","status":"publish","type":"product","link":"https:\/\/teaphor.com\/fr\/shop\/green-tea\/maofeng-huang-shan\/","title":{"rendered":"Maofeng - Huang Shan"},"content":{"rendered":"<p class=\"p1\">Le Huangshan Maofeng pousse dans les hauts plateaux brumeux de la Montagne Jaune, \u00e0 des altitudes de 800 \u00e0 1200 m\u00e8tres. Le climat frais et les brumes fr\u00e9quentes ralentissent la croissance des feuilles, enrichissant leurs compos\u00e9s internes et conf\u00e9rant au th\u00e9 son caract\u00e8re unique, vif et rafra\u00eechissant. C\u2019est comme les gouttes de ros\u00e9e du printemps dans les montagnes \u2014 fra\u00eeches, vivifiantes et revigorantes. La premi\u00e8re gorg\u00e9e \u00e9veille les sens comme une douce brise de montagne, tandis que la douceur persistante qui suit se fait chaleureuse comme un rayon de soleil printanier, une surprise d\u00e9licieuse.<\/p>\n<p><strong><em>L\u00e9ger \u00e0 fort<\/em><\/strong><\/p>\n<p><img decoding=\"async\" class=\"alignnone size-medium wp-image-2341\" src=\"https:\/\/teaphor.com\/wp-content\/webp-express\/webp-images\/uploads\/2025\/09\/Level-2-300x50.png.webp\" alt=\"\" width=\"300\" height=\"50\" srcset=\"https:\/\/teaphor.com\/wp-content\/webp-express\/webp-images\/uploads\/2025\/09\/Level-2-300x50.png.webp 300w, https:\/\/teaphor.com\/wp-content\/webp-express\/webp-images\/uploads\/2025\/09\/Level-2-18x3.png.webp 18w, https:\/\/teaphor.com\/wp-content\/webp-express\/webp-images\/uploads\/2025\/09\/Level-2.png.webp 400w\" sizes=\"(max-width: 300px) 100vw, 300px\" \/><\/p>\n<p><strong><em>De l'amer \/ astringent au doux \/ Umaimi\u00a0<\/em><\/strong><\/p>\n<p><img decoding=\"async\" class=\"alignnone size-medium wp-image-2307\" src=\"https:\/\/teaphor.com\/wp-content\/webp-express\/webp-images\/uploads\/2025\/08\/level-4-300x61.png.webp\" alt=\"\" width=\"300\" height=\"61\" srcset=\"https:\/\/teaphor.com\/wp-content\/webp-express\/webp-images\/uploads\/2025\/08\/level-4-300x61.png.webp 300w, https:\/\/teaphor.com\/wp-content\/webp-express\/webp-images\/uploads\/2025\/08\/level-4-18x4.png.webp 18w, https:\/\/teaphor.com\/wp-content\/webp-express\/webp-images\/uploads\/2025\/08\/level-4.png.webp 400w\" sizes=\"(max-width: 300px) 100vw, 300px\" \/><\/p>\n<p><em><strong>Caf\u00e9ine<\/strong><\/em><\/p>\n<p><img decoding=\"async\" class=\"alignnone size-medium wp-image-2308\" src=\"https:\/\/teaphor.com\/wp-content\/webp-express\/webp-images\/uploads\/2025\/08\/LEVEL-3-300x66.png.webp\" alt=\"\" width=\"300\" height=\"66\" srcset=\"https:\/\/teaphor.com\/wp-content\/webp-express\/webp-images\/uploads\/2025\/08\/LEVEL-3-300x66.png.webp 300w, https:\/\/teaphor.com\/wp-content\/webp-express\/webp-images\/uploads\/2025\/08\/LEVEL-3-18x4.png.webp 18w, https:\/\/teaphor.com\/wp-content\/webp-express\/webp-images\/uploads\/2025\/08\/LEVEL-3.png.webp 400w\" sizes=\"(max-width: 300px) 100vw, 300px\" \/><\/p>\n<p class=\"p1\">La fra\u00eecheur et l\u2019astringence du th\u00e9 vert sont souvent s\u00e9par\u00e9es de quelques secondes seulement. Si la temp\u00e9rature de l\u2019eau est trop \u00e9lev\u00e9e ou si le temps d\u2019infusion est trop long, le th\u00e9 peut rapidement devenir trop astringent, le th\u00e9 vert \u00e9tant le moins transform\u00e9 et visant \u00e0 pr\u00e9server le caract\u00e8re naturel des feuilles fra\u00eeches. En revanche, avec la bonne temp\u00e9rature et une infusion br\u00e8ve, vous pouvez savourer \u00e0 chaque gorg\u00e9e la pure saveur rafra\u00eechissante du printemps.<\/p>","protected":false},"excerpt":{"rendered":"<p class=\"p1\">Huangshan = Montagne jaune<\/p>\n<p>Maofeng = Pic de la fourrure<\/p>\n<p>Parfois, j\u2019ai vraiment l\u2019impression que la montagne refl\u00e8te son th\u00e9. Huangshan \u00e9tonne par ses sommets vertigineux, ses mers de nuages ondoyantes et ses pins anciens. Je me souviens encore de l\u2019\u00e9merveillement ressenti la premi\u00e8re fois que je l\u2019ai gravie, admirant le travail minutieux de la nature elle-m\u00eame. Et pourtant, Huangshan ne fait m\u00eame pas partie des Cinq Grandes Montagnes de Chine. Son th\u00e9, \u00e0 l\u2019image de la montagne, conna\u00eet un sort similaire \u2014 bien qu\u2019il soit honor\u00e9 comme l\u2019un des Dix Th\u00e9s C\u00e9l\u00e8bres de Chine, il n\u2019a jamais joui de la m\u00eame popularit\u00e9 sur le march\u00e9 que le Longjing ou d\u2019autres th\u00e9s verts. Durant toutes mes ann\u00e9es d\u2019exploration du th\u00e9, je l\u2019ai rarement vu, sauf dans les maisons des g\u00e9n\u00e9rations plus \u00e2g\u00e9es.<\/p>\n<p class=\"p1\">Aujourd\u2019hui, de nombreux amateurs de th\u00e9 recherchent des th\u00e9s aux saveurs complexes et en couches, et pourtant, le charme distinctif du Maofeng r\u00e9side dans sa clart\u00e9 et sa fra\u00eecheur. Cette fra\u00eecheur est encore plus marqu\u00e9e que dans la plupart des th\u00e9s verts, pr\u00e9cis\u00e9ment parce qu\u2019il est d\u00e9pourvu de complexit\u00e9 excessive.<\/p>\n<p class=\"p1\">Je n\u2019avais jamais trouv\u00e9 le Maofeng particuli\u00e8rement impressionnant, jusqu\u2019au jour o\u00f9, apr\u00e8s d\u2019innombrables d\u00e9gustations de th\u00e9s aux caract\u00e8res complexes, ce th\u00e9 me surprit soudain. Il \u00e9tait simplement pur et rafra\u00eechissant \u2014 l\u00e9ger, sans effort et discr\u00e8tement d\u00e9licieux, avec \u00e0 peine d\u2019astringence.<\/p>\n<p class=\"p1\">Parfois, le plus grand plaisir vient de la d\u00e9gustation d\u2019une saveur d\u2019une simplicit\u00e9 merveilleuse.<\/p>","protected":false},"featured_media":2349,"comment_status":"open","ping_status":"closed","template":"","meta":{"_acf_changed":false,"_kad_blocks_custom_css":"","_kad_blocks_head_custom_js":"","_kad_blocks_body_custom_js":"","_kad_blocks_footer_custom_js":"","_kad_post_transparent":"default","_kad_post_title":"","_kad_post_layout":"default","_kad_post_sidebar_id":"","_kad_post_content_style":"default","_kad_post_vertical_padding":"default","_kad_post_feature":"","_kad_post_feature_position":"","_kad_post_header":false,"_kad_post_footer":false,"_kad_post_classname":""},"product_brand":[],"product_cat":[17],"product_tag":[108,100,66,52,110,104,59,98,99,94,101,53],"class_list":{"0":"post-2345","1":"product","2":"type-product","3":"status-publish","4":"has-post-thumbnail","6":"product_cat-green-tea","7":"product_tag-afternoon-tea","8":"product_tag-fresh","9":"product_tag-gaiwan","10":"product_tag-green-tea","11":"product_tag-ice-tea-base","12":"product_tag-office-tea","13":"product_tag-pure-tea","14":"product_tag-smooth","15":"product_tag-spring","16":"product_tag-sweet","17":"product_tag-umami","18":"product_tag-wood","19":"pa_caffeine-low","20":"pa_element-wood","21":"pa_flavor-fresh","22":"pa_flavor-nutty","23":"pa_flavor-umami-sweet","24":"pa_intensity-light","25":"pa_roast-level-unroasted","27":"first","28":"instock","29":"sale","30":"taxable","31":"shipping-taxable","32":"purchasable","33":"product-type-variable","34":"entry","35":"content-bg","36":"loop-entry"},"acf":[],"aioseo_notices":[],"taxonomy_info":{"product_cat":[{"value":17,"label":"Green Teas"}],"product_tag":[{"value":108,"label":"Afternoon Tea"},{"value":100,"label":"Fresh"},{"value":66,"label":"Gaiwan"},{"value":52,"label":"Green Tea"},{"value":110,"label":"Ice Tea Base"},{"value":104,"label":"Office Tea"},{"value":59,"label":"Pure Tea"},{"value":98,"label":"Smooth"},{"value":99,"label":"Spring"},{"value":94,"label":"Sweet"},{"value":101,"label":"Umami"},{"value":53,"label":"Wood"}],"pa_caffeine":[{"value":149,"label":"Low"}],"pa_element":[{"value":156,"label":"Wood"}],"pa_flavor":[{"value":172,"label":"Fresh"},{"value":175,"label":"Nutty"},{"value":167,"label":"Umami \/ Sweet"}],"pa_intensity":[{"value":168,"label":"Light"}],"pa_roast-level":[{"value":159,"label":"Unroasted"}]},"featured_image_src_large":["https:\/\/teaphor.com\/wp-content\/uploads\/2025\/09\/maofeng-web.jpg",800,800,false],"author_info":[],"comment_info":0,"_links":{"self":[{"href":"https:\/\/teaphor.com\/fr\/wp-json\/wp\/v2\/product\/2345","targetHints":{"allow":["GET"]}}],"collection":[{"href":"https:\/\/teaphor.com\/fr\/wp-json\/wp\/v2\/product"}],"about":[{"href":"https:\/\/teaphor.com\/fr\/wp-json\/wp\/v2\/types\/product"}],"replies":[{"embeddable":true,"href":"https:\/\/teaphor.com\/fr\/wp-json\/wp\/v2\/comments?post=2345"}],"wp:featuredmedia":[{"embeddable":true,"href":"https:\/\/teaphor.com\/fr\/wp-json\/wp\/v2\/media\/2349"}],"wp:attachment":[{"href":"https:\/\/teaphor.com\/fr\/wp-json\/wp\/v2\/media?parent=2345"}],"wp:term":[{"taxonomy":"product_brand","embeddable":true,"href":"https:\/\/teaphor.com\/fr\/wp-json\/wp\/v2\/product_brand?post=2345"},{"taxonomy":"product_cat","embeddable":true,"href":"https:\/\/teaphor.com\/fr\/wp-json\/wp\/v2\/product_cat?post=2345"},{"taxonomy":"product_tag","embeddable":true,"href":"https:\/\/teaphor.com\/fr\/wp-json\/wp\/v2\/product_tag?post=2345"}],"curies":[{"name":"wp","href":"https:\/\/api.w.org\/{rel}","templated":true}]}}