{"id":2380,"date":"2025-09-19T20:17:19","date_gmt":"2025-09-19T20:17:19","guid":{"rendered":"https:\/\/teaphor.com\/?post_type=product&#038;p=2380"},"modified":"2025-12-14T00:53:41","modified_gmt":"2025-12-14T00:53:41","slug":"gaiwan-for-all","status":"publish","type":"product","link":"https:\/\/teaphor.com\/fr\/shop\/tea-tasting-sets\/gaiwan\/gaiwan-for-all\/","title":{"rendered":"Gaiwan pour tous"},"content":{"rendered":"","protected":false},"excerpt":{"rendered":"<p class=\"p1\">Un gaiwan en c\u00e9ramique blanche de couleur jade, d'une capacit\u00e9 g\u00e9n\u00e9reuse de 150 ml.<br \/>\nSon design large et haut le rend particuli\u00e8rement adapt\u00e9 aux d\u00e9butants et convient \u00e0 presque tous les types de th\u00e9. Accompagn\u00e9 d'une tasse \u00e0 th\u00e9 en porcelaine assortie, cet ensemble est parfait pour les s\u00e9ances de th\u00e9 en solo.<\/p>\n<p class=\"p1\">","protected":false},"featured_media":2382,"comment_status":"open","ping_status":"closed","template":"","meta":{"_acf_changed":false,"_kad_blocks_custom_css":"","_kad_blocks_head_custom_js":"","_kad_blocks_body_custom_js":"","_kad_blocks_footer_custom_js":"","_kad_post_transparent":"default","_kad_post_title":"","_kad_post_layout":"default","_kad_post_sidebar_id":"","_kad_post_content_style":"default","_kad_post_vertical_padding":"default","_kad_post_feature":"","_kad_post_feature_position":"","_kad_post_header":false,"_kad_post_footer":false,"_kad_post_classname":""},"product_brand":[],"product_cat":[16,63,46,144],"product_tag":[],"class_list":{"0":"post-2380","1":"product","2":"type-product","3":"status-publish","4":"has-post-thumbnail","6":"product_cat-all-products","7":"product_cat-gaiwan","8":"product_cat-tea-tasting-sets","9":"product_cat-teaware","11":"first","12":"outofstock","13":"taxable","14":"shipping-taxable","15":"purchasable","16":"product-type-simple","17":"entry","18":"content-bg","19":"loop-entry"},"acf":[],"aioseo_notices":[],"taxonomy_info":{"product_cat":[{"value":16,"label":"All Products"},{"value":63,"label":"Gaiwan"},{"value":46,"label":"Tea Tasting Sets"},{"value":144,"label":"Teaware"}]},"featured_image_src_large":["https:\/\/teaphor.com\/wp-content\/uploads\/2025\/09\/gaiwan-new.jpg",800,800,false],"author_info":[],"comment_info":0,"_links":{"self":[{"href":"https:\/\/teaphor.com\/fr\/wp-json\/wp\/v2\/product\/2380","targetHints":{"allow":["GET"]}}],"collection":[{"href":"https:\/\/teaphor.com\/fr\/wp-json\/wp\/v2\/product"}],"about":[{"href":"https:\/\/teaphor.com\/fr\/wp-json\/wp\/v2\/types\/product"}],"replies":[{"embeddable":true,"href":"https:\/\/teaphor.com\/fr\/wp-json\/wp\/v2\/comments?post=2380"}],"wp:featuredmedia":[{"embeddable":true,"href":"https:\/\/teaphor.com\/fr\/wp-json\/wp\/v2\/media\/2382"}],"wp:attachment":[{"href":"https:\/\/teaphor.com\/fr\/wp-json\/wp\/v2\/media?parent=2380"}],"wp:term":[{"taxonomy":"product_brand","embeddable":true,"href":"https:\/\/teaphor.com\/fr\/wp-json\/wp\/v2\/product_brand?post=2380"},{"taxonomy":"product_cat","embeddable":true,"href":"https:\/\/teaphor.com\/fr\/wp-json\/wp\/v2\/product_cat?post=2380"},{"taxonomy":"product_tag","embeddable":true,"href":"https:\/\/teaphor.com\/fr\/wp-json\/wp\/v2\/product_tag?post=2380"}],"curies":[{"name":"wp","href":"https:\/\/api.w.org\/{rel}","templated":true}]}}