{"id":2406,"date":"2025-09-20T21:57:59","date_gmt":"2025-09-20T21:57:59","guid":{"rendered":"https:\/\/teaphor.com\/?post_type=product&#038;p=2406"},"modified":"2025-11-22T18:28:26","modified_gmt":"2025-11-22T18:28:26","slug":"taiwan-high-mountain-oolong-tea-creamy-and-floral","status":"publish","type":"product","link":"https:\/\/teaphor.com\/fr\/shop\/oolong-tea\/taiwan-high-mountain-oolong-tea-creamy-and-floral\/","title":{"rendered":"Oolong de qualit\u00e9 sup\u00e9rieure de Taiwan High Mountain - Cr\u00e9meux et floral - Torr\u00e9faction l\u00e9g\u00e8re"},"content":{"rendered":"<p class=\"p4\">Cultiv\u00e9 dans les plantations de th\u00e9 de haute montagne de Ta\u00efwan, \u00e0 plus de 1 200 m\u00e8tres d'altitude, ce Jin Xuan Oolong capture la puret\u00e9 des altitudes brumeuses et la force tranquille de son environnement.<\/p>\n<p class=\"p4\">Au-del\u00e0 de la premi\u00e8re impression, ce th\u00e9 oolong d\u00e9voile une douceur onctueuse et un parfum d\u00e9licat d'orchid\u00e9e qui emplit la bouche. Chaque gorg\u00e9e laisse derri\u00e8re elle une subtile douceur fruit\u00e9e, comme celle d'une poire ou d'une pomme m\u00fbre, \u00e9quilibr\u00e9e par une douceur cr\u00e9meuse. Le th\u00e9 est \u00e0 la fois rond et rafra\u00eechissant, laissant le palais net mais profond\u00e9ment satisfait.<\/p>\n<p class=\"p4\">Ce qui distingue ce th\u00e9, c'est son \u00e9quilibre. \u00c9tant un oolong moyennement oxyd\u00e9 et l\u00e9g\u00e8rement torr\u00e9fi\u00e9, il allie fra\u00eecheur et richesse : plus l\u00e9ger qu'un oolong rock fortement torr\u00e9fi\u00e9, mais plus rond et plus satisfaisant qu'un oolong vert l\u00e9g\u00e8rement oxyd\u00e9. Son parfum persiste dans la tasse et en gorge, offrant des nuances qui se d\u00e9voilent au fil des infusions.<\/p>\n<p class=\"p4\">Accessible et r\u00e9confortant, mais \u00e9l\u00e9gant et raffin\u00e9, c'est un th\u00e9 que je recommande toujours \u00e0 mes proches.<\/p>\n<p><strong><em>L\u00e9ger \u00e0 fort<\/em><\/strong><\/p>\n<p><img decoding=\"async\" class=\"alignnone size-medium wp-image-2308\" src=\"https:\/\/teaphor.com\/wp-content\/webp-express\/webp-images\/uploads\/2025\/08\/LEVEL-3-300x66.png.webp\" alt=\"\" width=\"300\" height=\"66\" srcset=\"https:\/\/teaphor.com\/wp-content\/webp-express\/webp-images\/uploads\/2025\/08\/LEVEL-3-300x66.png.webp 300w, https:\/\/teaphor.com\/wp-content\/webp-express\/webp-images\/uploads\/2025\/08\/LEVEL-3-18x4.png.webp 18w, https:\/\/teaphor.com\/wp-content\/webp-express\/webp-images\/uploads\/2025\/08\/LEVEL-3.png.webp 400w\" sizes=\"(max-width: 300px) 100vw, 300px\" \/><\/p>\n<p><strong><em>De l'amer \/ astringent au doux \/ Umaimi\u00a0<\/em><\/strong><\/p>\n<p><img decoding=\"async\" class=\"alignnone size-medium wp-image-2307\" src=\"https:\/\/teaphor.com\/wp-content\/webp-express\/webp-images\/uploads\/2025\/08\/level-4-300x61.png.webp\" alt=\"\" width=\"300\" height=\"61\" srcset=\"https:\/\/teaphor.com\/wp-content\/webp-express\/webp-images\/uploads\/2025\/08\/level-4-300x61.png.webp 300w, https:\/\/teaphor.com\/wp-content\/webp-express\/webp-images\/uploads\/2025\/08\/level-4-18x4.png.webp 18w, https:\/\/teaphor.com\/wp-content\/webp-express\/webp-images\/uploads\/2025\/08\/level-4.png.webp 400w\" sizes=\"(max-width: 300px) 100vw, 300px\" \/><br \/>\n<em><strong>Caf\u00e9ine<\/strong><\/em><\/p>\n<p><img decoding=\"async\" class=\"alignnone size-medium wp-image-2341\" src=\"https:\/\/teaphor.com\/wp-content\/webp-express\/webp-images\/uploads\/2025\/09\/Level-2-300x50.png.webp\" alt=\"\" width=\"300\" height=\"50\" srcset=\"https:\/\/teaphor.com\/wp-content\/webp-express\/webp-images\/uploads\/2025\/09\/Level-2-300x50.png.webp 300w, https:\/\/teaphor.com\/wp-content\/webp-express\/webp-images\/uploads\/2025\/09\/Level-2-18x3.png.webp 18w, https:\/\/teaphor.com\/wp-content\/webp-express\/webp-images\/uploads\/2025\/09\/Level-2.png.webp 400w\" sizes=\"(max-width: 300px) 100vw, 300px\" \/><\/p>","protected":false},"excerpt":{"rendered":"<p class=\"p1\">Il s'agit d'un th\u00e9 oolong l\u00e9g\u00e8rement torr\u00e9fi\u00e9 et moyennement oxyd\u00e9.<\/p>\n<p class=\"p1\">Apr\u00e8s avoir go\u00fbt\u00e9 de nombreux oolongs diff\u00e9rents, celui-ci ne manque jamais de me surprendre. La premi\u00e8re gorg\u00e9e me fait toujours dire \u201cwow\u201d.\u201d<\/p>\n<p class=\"p1\">D\u00e8s la premi\u00e8re gorg\u00e9e, un parfum floral plein et vibrant s'\u00e9panouit sur le palais, bient\u00f4t suivi d'une note cr\u00e9meuse naturelle qui le rend si unique. Cette onctuosit\u00e9 n'est pas artificielle - elle provient purement du cultivar lui-m\u00eame, une douceur laiteuse qui se marie \u00e0 merveille avec la tonalit\u00e9 florale. La liqueur de th\u00e9 est dor\u00e9e et brillante, douce et soyeuse en bouche, avec une finale nette et rafra\u00eechissante.<\/p>","protected":false},"featured_media":2407,"comment_status":"open","ping_status":"closed","template":"","meta":{"_acf_changed":false,"_kad_blocks_custom_css":"","_kad_blocks_head_custom_js":"","_kad_blocks_body_custom_js":"","_kad_blocks_footer_custom_js":"","_kad_post_transparent":"default","_kad_post_title":"","_kad_post_layout":"default","_kad_post_sidebar_id":"","_kad_post_content_style":"default","_kad_post_vertical_padding":"default","_kad_post_feature":"","_kad_post_feature_position":"","_kad_post_header":false,"_kad_post_footer":false,"_kad_post_classname":""},"product_brand":[],"product_cat":[54],"product_tag":[108,96,113,72,112,66,117,116,69,106,115,103,104,59,118,105,111,98,94,109],"class_list":{"0":"post-2406","1":"product","2":"type-product","3":"status-publish","4":"has-post-thumbnail","6":"product_cat-oolong-tea","7":"product_tag-afternoon-tea","8":"product_tag-autumnandwinter","9":"product_tag-cold-brew","10":"product_tag-earth","11":"product_tag-floral","12":"product_tag-gaiwan","13":"product_tag-light-roast","14":"product_tag-medium-oxidation","15":"product_tag-metal","16":"product_tag-milk-tea-base","17":"product_tag-milky","18":"product_tag-morning-tea","19":"product_tag-office-tea","20":"product_tag-pure-tea","21":"product_tag-relaxing-tea","22":"product_tag-rich-flavor","23":"product_tag-roasted","24":"product_tag-smooth","25":"product_tag-sweet","26":"product_tag-warming-tea","27":"pa_caffeine-medium","28":"pa_element-earth","29":"pa_element-metal","30":"pa_flavor-floral","31":"pa_flavor-milky","32":"pa_intensity-medium","33":"pa_roast-level-light","35":"first","36":"instock","37":"taxable","38":"shipping-taxable","39":"purchasable","40":"product-type-variable","41":"entry","42":"content-bg","43":"loop-entry"},"acf":[],"aioseo_notices":[],"taxonomy_info":{"product_cat":[{"value":54,"label":"Oolong Teas"}],"product_tag":[{"value":108,"label":"Afternoon Tea"},{"value":96,"label":"Autumn"},{"value":113,"label":"Cold Brew"},{"value":72,"label":"Earth"},{"value":112,"label":"Floral"},{"value":66,"label":"Gaiwan"},{"value":117,"label":"Light Roast"},{"value":116,"label":"Medium Oxidation"},{"value":69,"label":"Metal"},{"value":106,"label":"Milk Tea Base"},{"value":115,"label":"Milky"},{"value":103,"label":"Morning tea"},{"value":104,"label":"Office Tea"},{"value":59,"label":"Pure Tea"},{"value":118,"label":"Relaxing Tea"},{"value":105,"label":"Rich Flavor"},{"value":111,"label":"Roasted"},{"value":98,"label":"Smooth"},{"value":94,"label":"Sweet"},{"value":109,"label":"Warming Tea"}],"pa_caffeine":[{"value":151,"label":"Medium"}],"pa_element":[{"value":154,"label":"Earth"},{"value":155,"label":"Metal"}],"pa_flavor":[{"value":162,"label":"Floral"},{"value":178,"label":"Milky"}],"pa_intensity":[{"value":169,"label":"Medium"}],"pa_roast-level":[{"value":179,"label":"Light"}]},"featured_image_src_large":["https:\/\/teaphor.com\/wp-content\/uploads\/2025\/09\/Jinxuan-oolong.jpg",800,800,false],"author_info":[],"comment_info":0,"_links":{"self":[{"href":"https:\/\/teaphor.com\/fr\/wp-json\/wp\/v2\/product\/2406","targetHints":{"allow":["GET"]}}],"collection":[{"href":"https:\/\/teaphor.com\/fr\/wp-json\/wp\/v2\/product"}],"about":[{"href":"https:\/\/teaphor.com\/fr\/wp-json\/wp\/v2\/types\/product"}],"replies":[{"embeddable":true,"href":"https:\/\/teaphor.com\/fr\/wp-json\/wp\/v2\/comments?post=2406"}],"wp:featuredmedia":[{"embeddable":true,"href":"https:\/\/teaphor.com\/fr\/wp-json\/wp\/v2\/media\/2407"}],"wp:attachment":[{"href":"https:\/\/teaphor.com\/fr\/wp-json\/wp\/v2\/media?parent=2406"}],"wp:term":[{"taxonomy":"product_brand","embeddable":true,"href":"https:\/\/teaphor.com\/fr\/wp-json\/wp\/v2\/product_brand?post=2406"},{"taxonomy":"product_cat","embeddable":true,"href":"https:\/\/teaphor.com\/fr\/wp-json\/wp\/v2\/product_cat?post=2406"},{"taxonomy":"product_tag","embeddable":true,"href":"https:\/\/teaphor.com\/fr\/wp-json\/wp\/v2\/product_tag?post=2406"}],"curies":[{"name":"wp","href":"https:\/\/api.w.org\/{rel}","templated":true}]}}