{"id":2453,"date":"2025-09-28T20:39:14","date_gmt":"2025-09-28T20:39:14","guid":{"rendered":"https:\/\/teaphor.com\/?post_type=product&#038;p=2453"},"modified":"2025-11-22T18:21:57","modified_gmt":"2025-11-22T18:21:57","slug":"taiwan-baozhong-oolong-tea-super-floral","status":"publish","type":"product","link":"https:\/\/teaphor.com\/fr\/shop\/oolong-tea\/taiwan-baozhong-oolong-tea-super-floral\/","title":{"rendered":"Taiwan BAOZHONG Oolong Tea - Super Floral - Torr\u00e9faction tr\u00e8s l\u00e9g\u00e8re"},"content":{"rendered":"<p class=\"p1\">Le Baozhong est l\u2019oolong ta\u00efwanais le moins oxyd\u00e9 (environ 8 \u00e0 15 %), souvent d\u00e9crit comme un th\u00e9 \u00e0 mi-chemin entre le th\u00e9 vert et l\u2019oolong. Cultiv\u00e9 principalement dans les collines brumeuses de Pinglin, \u00e0 New Taipei, \u00e0 des altitudes de 400 \u00e0 800 m\u00e8tres, ce th\u00e9 b\u00e9n\u00e9ficie d\u2019un climat frais, de pluies fr\u00e9quentes et de sols riches et bien drain\u00e9s. Ces conditions naturelles, associ\u00e9es \u00e0 un savoir-faire traditionnel, conf\u00e8rent au Baozhong son \u00e9l\u00e9gance et son parfum caract\u00e9ristiques. Doux et raffin\u00e9, c\u2019est un th\u00e9 qui privil\u00e9gie l\u2019ar\u00f4me \u00e0 la lourdeur, accessible tout en restant sophistiqu\u00e9.<\/p>\n<p class=\"p1\">Le Baozhong est r\u00e9put\u00e9 pour son ar\u00f4me floral exquis, souvent \u00e9voquant l\u2019orchid\u00e9e, l\u2019osmanthus ou le lys. Ce parfum prononc\u00e9 provient de sa faible oxydation (qui pr\u00e9serve les pr\u00e9curseurs aromatiques des feuilles fra\u00eeches), de l\u2019utilisation de cultivars traditionnels tels que le Qingxin Oolong (naturellement riche en compos\u00e9s aromatiques) et d\u2019un torr\u00e9faction tr\u00e8s l\u00e9g\u00e8re, qui ne masque pas la fra\u00eecheur. La liqueur est claire, d\u2019un vert dor\u00e9 l\u00e9ger, douce en bouche, presque sans amertume ni astringence. Chaque gorg\u00e9e donne l\u2019impression de p\u00e9n\u00e9trer dans un jardin printanier, se terminant par une douceur propre et d\u00e9licate qui persiste avec \u00e9l\u00e9gance.<\/p>\n<p><strong><em>L\u00e9ger \u00e0 fort<\/em><\/strong><\/p>\n<p><img decoding=\"async\" class=\"alignnone size-medium wp-image-2308\" src=\"https:\/\/teaphor.com\/wp-content\/webp-express\/webp-images\/uploads\/2025\/08\/LEVEL-3-300x66.png.webp\" alt=\"\" width=\"300\" height=\"66\" srcset=\"https:\/\/teaphor.com\/wp-content\/webp-express\/webp-images\/uploads\/2025\/08\/LEVEL-3-300x66.png.webp 300w, https:\/\/teaphor.com\/wp-content\/webp-express\/webp-images\/uploads\/2025\/08\/LEVEL-3-18x4.png.webp 18w, https:\/\/teaphor.com\/wp-content\/webp-express\/webp-images\/uploads\/2025\/08\/LEVEL-3.png.webp 400w\" sizes=\"(max-width: 300px) 100vw, 300px\" \/><\/p>\n<p><strong><em>De l'amer \/ astringent au doux \/ Umaimi\u00a0<\/em><\/strong><\/p>\n<p><img decoding=\"async\" class=\"alignnone size-medium wp-image-2342\" src=\"https:\/\/teaphor.com\/wp-content\/webp-express\/webp-images\/uploads\/2025\/09\/Level-5-300x50.png.webp\" alt=\"\" width=\"300\" height=\"50\" srcset=\"https:\/\/teaphor.com\/wp-content\/webp-express\/webp-images\/uploads\/2025\/09\/Level-5-300x50.png.webp 300w, https:\/\/teaphor.com\/wp-content\/webp-express\/webp-images\/uploads\/2025\/09\/Level-5-18x3.png.webp 18w, https:\/\/teaphor.com\/wp-content\/webp-express\/webp-images\/uploads\/2025\/09\/Level-5.png.webp 400w\" sizes=\"(max-width: 300px) 100vw, 300px\" \/><br \/>\n<em><strong>Caf\u00e9ine<\/strong><\/em><\/p>\n<p><img decoding=\"async\" class=\"alignnone size-medium wp-image-2341\" src=\"https:\/\/teaphor.com\/wp-content\/webp-express\/webp-images\/uploads\/2025\/09\/Level-2-300x50.png.webp\" alt=\"\" width=\"300\" height=\"50\" srcset=\"https:\/\/teaphor.com\/wp-content\/webp-express\/webp-images\/uploads\/2025\/09\/Level-2-300x50.png.webp 300w, https:\/\/teaphor.com\/wp-content\/webp-express\/webp-images\/uploads\/2025\/09\/Level-2-18x3.png.webp 18w, https:\/\/teaphor.com\/wp-content\/webp-express\/webp-images\/uploads\/2025\/09\/Level-2.png.webp 400w\" sizes=\"(max-width: 300px) 100vw, 300px\" \/><\/p>","protected":false},"excerpt":{"rendered":"<p class=\"p1\">Au-del\u00e0 du simple rituel de la d\u00e9gustation, rares sont les th\u00e9s qui \u00e9voquent naturellement un v\u00e9ritable sentiment d\u2019\u00e9l\u00e9gance \u2014 et ce oolong d\u00e9licatement roul\u00e9 en fait partie. Lorsqu\u2019il est infus\u00e9 \u00e0 la bonne temp\u00e9rature, son ar\u00f4me floral s\u2019\u00e9l\u00e8ve avec gr\u00e2ce, emplissant l\u2019air d\u2019une pr\u00e9sence vivifiante. Chaque gorg\u00e9e donne l\u2019impression d\u2019\u00eatre entour\u00e9 de fleurs et de verdure fra\u00eeche, une immersion douce dans les parfums de la nature. La finale prolonge cette douceur florale naturelle, persistante et raffin\u00e9e. Pour ceux qui aiment savourer l\u2019\u00e9l\u00e9gance pure des th\u00e9s floraux, celui-ci est tout simplement incontournable.<\/p>","protected":false},"featured_media":2457,"comment_status":"open","ping_status":"closed","template":"","meta":{"_acf_changed":false,"_kad_blocks_custom_css":"","_kad_blocks_head_custom_js":"","_kad_blocks_body_custom_js":"","_kad_blocks_footer_custom_js":"","_kad_post_transparent":"default","_kad_post_title":"","_kad_post_layout":"default","_kad_post_sidebar_id":"","_kad_post_content_style":"default","_kad_post_vertical_padding":"default","_kad_post_feature":"","_kad_post_feature_position":"","_kad_post_header":false,"_kad_post_footer":false,"_kad_post_classname":""},"product_brand":[],"product_cat":[54],"product_tag":[108,96,113,112,66,117,116,103,104,119,59,118,105,98,94,53],"class_list":{"0":"post-2453","1":"product","2":"type-product","3":"status-publish","4":"has-post-thumbnail","6":"product_cat-oolong-tea","7":"product_tag-afternoon-tea","8":"product_tag-autumnandwinter","9":"product_tag-cold-brew","10":"product_tag-floral","11":"product_tag-gaiwan","12":"product_tag-light-roast","13":"product_tag-medium-oxidation","14":"product_tag-morning-tea","15":"product_tag-office-tea","16":"product_tag-oolong-tea","17":"product_tag-pure-tea","18":"product_tag-relaxing-tea","19":"product_tag-rich-flavor","20":"product_tag-smooth","21":"product_tag-sweet","22":"product_tag-wood","23":"pa_caffeine-medium","24":"pa_element-wood","25":"pa_flavor-floral","26":"pa_flavor-fresh","27":"pa_flavor-fruity","28":"pa_flavor-umami-sweet","29":"pa_intensity-medium","30":"pa_roast-level-unroasted","32":"first","33":"outofstock","34":"taxable","35":"shipping-taxable","36":"product-type-variable","37":"entry","38":"content-bg","39":"loop-entry"},"acf":[],"aioseo_notices":[],"taxonomy_info":{"product_cat":[{"value":54,"label":"Oolong Teas"}],"product_tag":[{"value":108,"label":"Afternoon Tea"},{"value":96,"label":"Autumn"},{"value":113,"label":"Cold Brew"},{"value":112,"label":"Floral"},{"value":66,"label":"Gaiwan"},{"value":117,"label":"Light Roast"},{"value":116,"label":"Medium Oxidation"},{"value":103,"label":"Morning tea"},{"value":104,"label":"Office Tea"},{"value":119,"label":"Oolong Tea"},{"value":59,"label":"Pure Tea"},{"value":118,"label":"Relaxing Tea"},{"value":105,"label":"Rich Flavor"},{"value":98,"label":"Smooth"},{"value":94,"label":"Sweet"},{"value":53,"label":"Wood"}],"pa_caffeine":[{"value":151,"label":"Medium"}],"pa_element":[{"value":156,"label":"Wood"}],"pa_flavor":[{"value":162,"label":"Floral"},{"value":172,"label":"Fresh"},{"value":163,"label":"Fruity"},{"value":167,"label":"Umami \/ Sweet"}],"pa_intensity":[{"value":169,"label":"Medium"}],"pa_roast-level":[{"value":159,"label":"Unroasted"}]},"featured_image_src_large":["https:\/\/teaphor.com\/wp-content\/uploads\/2025\/09\/web-baozhong.jpg",800,800,false],"author_info":[],"comment_info":0,"_links":{"self":[{"href":"https:\/\/teaphor.com\/fr\/wp-json\/wp\/v2\/product\/2453","targetHints":{"allow":["GET"]}}],"collection":[{"href":"https:\/\/teaphor.com\/fr\/wp-json\/wp\/v2\/product"}],"about":[{"href":"https:\/\/teaphor.com\/fr\/wp-json\/wp\/v2\/types\/product"}],"replies":[{"embeddable":true,"href":"https:\/\/teaphor.com\/fr\/wp-json\/wp\/v2\/comments?post=2453"}],"wp:featuredmedia":[{"embeddable":true,"href":"https:\/\/teaphor.com\/fr\/wp-json\/wp\/v2\/media\/2457"}],"wp:attachment":[{"href":"https:\/\/teaphor.com\/fr\/wp-json\/wp\/v2\/media?parent=2453"}],"wp:term":[{"taxonomy":"product_brand","embeddable":true,"href":"https:\/\/teaphor.com\/fr\/wp-json\/wp\/v2\/product_brand?post=2453"},{"taxonomy":"product_cat","embeddable":true,"href":"https:\/\/teaphor.com\/fr\/wp-json\/wp\/v2\/product_cat?post=2453"},{"taxonomy":"product_tag","embeddable":true,"href":"https:\/\/teaphor.com\/fr\/wp-json\/wp\/v2\/product_tag?post=2453"}],"curies":[{"name":"wp","href":"https:\/\/api.w.org\/{rel}","templated":true}]}}