{"id":2460,"date":"2025-10-06T22:22:39","date_gmt":"2025-10-06T22:22:39","guid":{"rendered":"https:\/\/teaphor.com\/?post_type=product&#038;p=2460"},"modified":"2025-11-23T01:17:04","modified_gmt":"2025-11-23T01:17:04","slug":"2012-vintage-ancient-tree-raw-puerh","status":"publish","type":"product","link":"https:\/\/teaphor.com\/fr\/shop\/pu-erh-teas\/2012-vintage-ancient-tree-raw-puerh\/","title":{"rendered":"2012 Pu-Erh Cru d'Arbre Ancien"},"content":{"rendered":"<p class=\"p1\">La liqueur de th\u00e9 est riche, moelleuse et profond\u00e9ment r\u00e9confortante, le genre de chaleur que l'on ressent d\u00e8s la premi\u00e8re gorg\u00e9e. Elle pr\u00e9sente une douceur terreuse et une texture onctueuse, avec des couches qui se d\u00e9voilent doucement au fur et \u00e0 mesure que l'on boit. Au fil du temps, les ann\u00e9es ont adouci ses ar\u00eates, transformant ce qui \u00e9tait autrefois audacieux en quelque chose de rond, de calme et de tranquillement puissant. Chaque fois que je le bois, je me rappelle pourquoi un bon Pu-erh ne crie pas - il chuchote et s'attarde.<\/p>\n<p class=\"p1\"><b>\u2728 Comprendre le th\u00e9 Pu-erh<\/b><\/p>\n<p class=\"p1\">Le th\u00e9 Pu-erh est l\u2019un des th\u00e9s les plus distinctifs de Chine. Il est originaire de la province du Yunnan, o\u00f9 les th\u00e9iers poussent depuis des milliers d\u2019ann\u00e9es. Ce qui rend le Pu-erh unique, c\u2019est son processus de post-fermentation : le th\u00e9 continue de vieillir et d\u2019\u00e9voluer apr\u00e8s sa production, d\u00e9veloppant avec le temps des ar\u00f4mes plus profonds et plus doux.<\/p>\n<p class=\"p1\">l existe deux grands types de Pu-erh : le Pu-erh cru (Sheng) et le Pu-erh ferment\u00e9 (Shou).<\/p>\n<p class=\"p4\">Le Pu-erh cru vieillit naturellement, avec un go\u00fbt vif et dynamique, parfois l\u00e9g\u00e8rement astringent lorsqu\u2019il est jeune.<\/p>\n<p class=\"p4\">Le Pu-erh ferment\u00e9, en revanche, subit une fermentation microbienne soigneusement contr\u00f4l\u00e9e qui acc\u00e9l\u00e8re le processus de vieillissement, lui conf\u00e9rant sa couleur profonde caract\u00e9ristique et son go\u00fbt moelleux.<\/p>\n<p class=\"p3\"><b>\ud83c\udf42 Pu-erh m\u00fbr (Shou Pu)<\/b><\/p>\n<p class=\"p1\">Le Pu-erh ferment\u00e9 a \u00e9t\u00e9 d\u00e9velopp\u00e9 dans les ann\u00e9es 1970 afin de recr\u00e9er plus rapidement le caract\u00e8re doux et rond du Pu-erh vieilli naturellement. Pendant la fermentation, les feuilles de th\u00e9 sont empil\u00e9es, humidifi\u00e9es, puis laiss\u00e9es \u00e0 fermenter doucement pendant plusieurs semaines sous un contr\u00f4le pr\u00e9cis de l\u2019humidit\u00e9 et de la temp\u00e9rature. Ce processus r\u00e9v\u00e8le une douceur terreuse fonc\u00e9e et une texture riche et velout\u00e9e.<\/p>\n<p class=\"p1\">Les meilleurs Pu-erh ferment\u00e9s, en particulier ceux issus de th\u00e9iers anciens, poss\u00e8dent une profondeur ind\u00e9niable : doux, rond et apaisant \u2014 un th\u00e9 qui se ressent comme une chaleur se r\u00e9pandant dans tout le corps.<\/p>\n<p class=\"p1\">Contrairement \u00e0 la plupart des th\u00e9s que l\u2019on savoure frais, le Pu-erh gagne en valeur et en complexit\u00e9 avec le temps, un peu comme un grand vin. Le Pu-erh vieilli devient plus doux, plus sucr\u00e9 et plus harmonieux, ses notes terreuses se transformant en nuances d\u00e9licates de bois, de cacao ou de fruits secs.<\/p>\n<p class=\"p1\">Lorsque vous buvez du Pu-erh, vous ne vous contentez pas de le sentir et de le go\u00fbter, vous l'observez. La liqueur doit \u00eatre d'une couleur profonde, et non terne ou boueuse. Certains buveurs de th\u00e9 exp\u00e9riment\u00e9s aiment toucher ou presser d\u00e9licatement les feuilles infus\u00e9es. Les bonnes feuilles de Pu-erh sont \u00e9paisses, \u00e9lastiques et r\u00e9sistantes, elles ne sont pas fragiles ou faciles \u00e0 briser.<\/p>\n<p class=\"p1\"><b>\ud83c\udf43 Raw Pu-erh (Sheng Pu)<\/b><\/p>\n<p class=\"p1\">Le Pu-erh cru, connu sous le nom de <i>Sheng Pu <\/i>en chinois, le Pu-erh cru repr\u00e9sente la forme originale du th\u00e9 \u2014 vif, lumineux et plein de caract\u00e8re. Contrairement au Pu-erh ferment\u00e9, il n\u2019est pas ferment\u00e9 artificiellement. Les feuilles de th\u00e9 sont simplement s\u00e9ch\u00e9es au soleil puis vieillies naturellement pendant des ann\u00e9es, d\u00e9veloppant lentement leur complexit\u00e9 gr\u00e2ce au temps et \u00e0 l\u2019oxydation.<\/p>\n<p class=\"p1\">Le jeune Pu-erh cru est vif et \u00e9nergique \u2014 vif, floral et parfois agr\u00e9ablement amer \u2014 avec un ar\u00f4me frais qui persiste en bouche. Avec le temps, les notes tranchantes du th\u00e9 s\u2019adoucissent, laissant appara\u00eetre des couches de douceur miel, de fruits secs et de d\u00e9licates notes bois\u00e9es.<\/p>\n<p class=\"p1\">Le meilleur Pu-erh cru, en particulier celui issu des th\u00e9iers anciens des hautes montagnes du Yunnan, d\u00e9gage une \u00e9nergie sauvage distinctive \u2014 pure, lumineuse et vivifiante. Chaque infusion \u00e9volue subtilement, refl\u00e9tant le terroir, l\u2019ann\u00e9e de r\u00e9colte et m\u00eame la main de l\u2019artisan.<\/p>\n<p class=\"p1\">Appr\u00e9cier le Pu-erh cru revient \u00e0 observer sa transformation. Remarquez comment la liqueur brille d\u2019un \u00e9clat dor\u00e9 et limpide, et comment son ar\u00f4me \u00e9volue \u00e0 chaque infusion. Observez les feuilles \u2014 \u00e9paisses, vives et pleines de vie. Dans chaque tasse se m\u00ealent force et \u00e9l\u00e9gance \u2014 un th\u00e9 vivant qui m\u00fbrit, s\u2019approfondit et respire avec le temps.<\/p>\n<p><strong><em>L\u00e9ger \u00e0 fort<br \/>\n<\/em><\/strong><strong><em><img decoding=\"async\" class=\"alignnone size-medium wp-image-2307\" src=\"https:\/\/teaphor.com\/wp-content\/webp-express\/webp-images\/uploads\/2025\/08\/level-4-300x61.png.webp\" alt=\"\" width=\"300\" height=\"61\" srcset=\"https:\/\/teaphor.com\/wp-content\/webp-express\/webp-images\/uploads\/2025\/08\/level-4-300x61.png.webp 300w, https:\/\/teaphor.com\/wp-content\/webp-express\/webp-images\/uploads\/2025\/08\/level-4-18x4.png.webp 18w, https:\/\/teaphor.com\/wp-content\/webp-express\/webp-images\/uploads\/2025\/08\/level-4.png.webp 400w\" sizes=\"(max-width: 300px) 100vw, 300px\" \/>De l'amer \/ astringent au doux \/ Umaimi<br \/>\n<\/em><\/strong><img decoding=\"async\" class=\"alignnone size-medium wp-image-2307\" src=\"https:\/\/teaphor.com\/wp-content\/webp-express\/webp-images\/uploads\/2025\/08\/level-4-300x61.png.webp\" alt=\"\" width=\"300\" height=\"61\" srcset=\"https:\/\/teaphor.com\/wp-content\/webp-express\/webp-images\/uploads\/2025\/08\/level-4-300x61.png.webp 300w, https:\/\/teaphor.com\/wp-content\/webp-express\/webp-images\/uploads\/2025\/08\/level-4-18x4.png.webp 18w, https:\/\/teaphor.com\/wp-content\/webp-express\/webp-images\/uploads\/2025\/08\/level-4.png.webp 400w\" sizes=\"(max-width: 300px) 100vw, 300px\" \/><br \/>\n<em><strong>Caf\u00e9ine<br \/>\n<img decoding=\"async\" class=\"alignnone size-medium wp-image-2308\" src=\"https:\/\/teaphor.com\/wp-content\/webp-express\/webp-images\/uploads\/2025\/08\/LEVEL-3-300x66.png.webp\" alt=\"\" width=\"300\" height=\"66\" srcset=\"https:\/\/teaphor.com\/wp-content\/webp-express\/webp-images\/uploads\/2025\/08\/LEVEL-3-300x66.png.webp 300w, https:\/\/teaphor.com\/wp-content\/webp-express\/webp-images\/uploads\/2025\/08\/LEVEL-3-18x4.png.webp 18w, https:\/\/teaphor.com\/wp-content\/webp-express\/webp-images\/uploads\/2025\/08\/LEVEL-3.png.webp 400w\" sizes=\"(max-width: 300px) 100vw, 300px\" \/><br \/>\n<\/strong><\/em><\/p>","protected":false},"excerpt":{"rendered":"<p class=\"p1\">J\u2019ai commenc\u00e9 \u00e0 boire du Pu-erh quand j\u2019avais dix-huit ans, et pendant longtemps, c\u2019\u00e9tait mon th\u00e9 pr\u00e9f\u00e9r\u00e9. \nJe me souviens encore de mes voyages \u00e0 Pu-erh : la visite de vieux villages aux traditions profondes, les promenades dans les for\u00eats anciennes de th\u00e9iers, et les habitants que j\u2019observais en train de pr\u00e9parer le th\u00e9 dans leurs maisons en bois. Je buvais du th\u00e9 du matin au soir \u2014 plus de dix tasses dans la journ\u00e9e \u2014 et je n\u2019arrivais pas \u00e0 dormir avant trois heures du matin.<br \/>\nApr\u00e8s toutes ces ann\u00e9es, je suis devenu assez exigeant avec le Pu-erh. Les th\u00e9s tr\u00e8s chers me semblent trop pr\u00e9cieux pour \u00eatre bus, tandis que les moins co\u00fbteux ont souvent une forte note de champignon qui domine tout.\nMais celui-ci, je l\u2019ai vraiment aim\u00e9 d\u00e8s la premi\u00e8re gorg\u00e9e : riche, \u00e9quilibr\u00e9 et profond\u00e9ment satisfaisant. C\u2019est le genre de Pu-erh que je peux savourer seul ou partager fi\u00e8rement avec des amis.<\/p>","protected":false},"featured_media":3256,"comment_status":"open","ping_status":"closed","template":"","meta":{"_acf_changed":false,"_kad_blocks_custom_css":"","_kad_blocks_head_custom_js":"","_kad_blocks_body_custom_js":"","_kad_blocks_footer_custom_js":"","_kad_post_transparent":"default","_kad_post_title":"","_kad_post_layout":"default","_kad_post_sidebar_id":"","_kad_post_content_style":"default","_kad_post_vertical_padding":"default","_kad_post_feature":"","_kad_post_feature_position":"","_kad_post_header":false,"_kad_post_footer":false,"_kad_post_classname":""},"product_brand":[],"product_cat":[43],"product_tag":[96,125,113,72,126,66,123,69,104,143,59,98,94,124,95],"class_list":{"0":"post-2460","1":"product","2":"type-product","3":"status-publish","4":"has-post-thumbnail","6":"product_cat-pu-erh-teas","7":"product_tag-autumnandwinter","8":"product_tag-calming-tea","9":"product_tag-cold-brew","10":"product_tag-earth","11":"product_tag-evening-tea","12":"product_tag-gaiwan","13":"product_tag-mellow","14":"product_tag-metal","15":"product_tag-office-tea","16":"product_tag-pu-erh","17":"product_tag-pure-tea","18":"product_tag-smooth","19":"product_tag-sweet","20":"product_tag-warm","21":"product_tag-winter","22":"pa_caffeine-medium","23":"pa_element-earth","24":"pa_flavor-astringent","25":"pa_flavor-floral","26":"pa_flavor-fresh","27":"pa_intensity-strong","28":"pa_roast-level-unroasted","30":"first","31":"instock","32":"taxable","33":"shipping-taxable","34":"purchasable","35":"product-type-variable","36":"entry","37":"content-bg","38":"loop-entry"},"acf":[],"aioseo_notices":[],"taxonomy_info":{"product_cat":[{"value":43,"label":"Pu-Erh"}],"product_tag":[{"value":96,"label":"Autumn"},{"value":125,"label":"Calming Tea"},{"value":113,"label":"Cold Brew"},{"value":72,"label":"Earth"},{"value":126,"label":"Evening Tea"},{"value":66,"label":"Gaiwan"},{"value":123,"label":"Mellow"},{"value":69,"label":"Metal"},{"value":104,"label":"Office Tea"},{"value":143,"label":"Pu-erh"},{"value":59,"label":"Pure Tea"},{"value":98,"label":"Smooth"},{"value":94,"label":"Sweet"},{"value":124,"label":"Warm"},{"value":95,"label":"Winter"}],"pa_caffeine":[{"value":151,"label":"Medium"}],"pa_element":[{"value":154,"label":"Earth"}],"pa_flavor":[{"value":166,"label":"Astringent"},{"value":162,"label":"Floral"},{"value":172,"label":"Fresh"}],"pa_intensity":[{"value":170,"label":"Strong"}],"pa_roast-level":[{"value":159,"label":"Unroasted"}]},"featured_image_src_large":["https:\/\/teaphor.com\/wp-content\/uploads\/2025\/10\/2012-Vintage-Ancient-Tree-Raw-Pu-erh-sheng.jpg",800,800,false],"author_info":[],"comment_info":0,"_links":{"self":[{"href":"https:\/\/teaphor.com\/fr\/wp-json\/wp\/v2\/product\/2460","targetHints":{"allow":["GET"]}}],"collection":[{"href":"https:\/\/teaphor.com\/fr\/wp-json\/wp\/v2\/product"}],"about":[{"href":"https:\/\/teaphor.com\/fr\/wp-json\/wp\/v2\/types\/product"}],"replies":[{"embeddable":true,"href":"https:\/\/teaphor.com\/fr\/wp-json\/wp\/v2\/comments?post=2460"}],"wp:featuredmedia":[{"embeddable":true,"href":"https:\/\/teaphor.com\/fr\/wp-json\/wp\/v2\/media\/3256"}],"wp:attachment":[{"href":"https:\/\/teaphor.com\/fr\/wp-json\/wp\/v2\/media?parent=2460"}],"wp:term":[{"taxonomy":"product_brand","embeddable":true,"href":"https:\/\/teaphor.com\/fr\/wp-json\/wp\/v2\/product_brand?post=2460"},{"taxonomy":"product_cat","embeddable":true,"href":"https:\/\/teaphor.com\/fr\/wp-json\/wp\/v2\/product_cat?post=2460"},{"taxonomy":"product_tag","embeddable":true,"href":"https:\/\/teaphor.com\/fr\/wp-json\/wp\/v2\/product_tag?post=2460"}],"curies":[{"name":"wp","href":"https:\/\/api.w.org\/{rel}","templated":true}]}}