{"id":2469,"date":"2025-10-06T23:43:46","date_gmt":"2025-10-06T23:43:46","guid":{"rendered":"https:\/\/teaphor.com\/?post_type=product&#038;p=2469"},"modified":"2025-12-04T00:10:11","modified_gmt":"2025-12-04T00:10:11","slug":"hong-yu","status":"publish","type":"product","link":"https:\/\/teaphor.com\/fr\/shop\/black-tea\/hong-yu\/","title":{"rendered":"Hong Yun - R\u00e9colte hivernale d\u2019exception"},"content":{"rendered":"<p class=\"p1\">Parfum \u00e9l\u00e9gant, floral et l\u00e9g\u00e8rement fruit\u00e9, avec de l\u00e9g\u00e8res notes de miel et de malt.<\/p>\n<p class=\"p1\">Doux, sucr\u00e9 et \u00e9quilibr\u00e9 - combinant la profondeur de l'Assam avec le parfum du Keemun.<\/p>\n<p class=\"p1\">Soyeux et cors\u00e9, avec une douce chaleur qui emplit le palais.<\/p>\n<p class=\"p1\">Douceur persistante rappelant le miel et les fruits secs, laissant un arri\u00e8re-go\u00fbt calme et r\u00e9confortant.<\/p>\n<p><strong><em>L\u00e9ger \u00e0 fort<\/em><\/strong><\/p>\n<p><img decoding=\"async\" class=\"alignnone size-medium wp-image-2307\" src=\"https:\/\/teaphor.com\/wp-content\/webp-express\/webp-images\/uploads\/2025\/08\/level-4-300x61.png.webp\" alt=\"\" width=\"300\" height=\"61\" srcset=\"https:\/\/teaphor.com\/wp-content\/webp-express\/webp-images\/uploads\/2025\/08\/level-4-300x61.png.webp 300w, https:\/\/teaphor.com\/wp-content\/webp-express\/webp-images\/uploads\/2025\/08\/level-4-18x4.png.webp 18w, https:\/\/teaphor.com\/wp-content\/webp-express\/webp-images\/uploads\/2025\/08\/level-4.png.webp 400w\" sizes=\"(max-width: 300px) 100vw, 300px\" \/><\/p>\n<p><strong><em>De l'amer \/ astringent au doux \/ Umaimi\u00a0<\/em><\/strong><\/p>\n<p><img decoding=\"async\" class=\"alignnone size-medium wp-image-2307\" src=\"https:\/\/teaphor.com\/wp-content\/webp-express\/webp-images\/uploads\/2025\/08\/level-4-300x61.png.webp\" alt=\"\" width=\"300\" height=\"61\" srcset=\"https:\/\/teaphor.com\/wp-content\/webp-express\/webp-images\/uploads\/2025\/08\/level-4-300x61.png.webp 300w, https:\/\/teaphor.com\/wp-content\/webp-express\/webp-images\/uploads\/2025\/08\/level-4-18x4.png.webp 18w, https:\/\/teaphor.com\/wp-content\/webp-express\/webp-images\/uploads\/2025\/08\/level-4.png.webp 400w\" sizes=\"(max-width: 300px) 100vw, 300px\" \/><\/p>","protected":false},"excerpt":{"rendered":"<p class=\"p4\">Le Hong Yun est un th\u00e9 noir ta\u00efwanais unique, issu d\u2019un croisement entre les vari\u00e9t\u00e9s Assam et Keemun, reconnu pour son go\u00fbt exceptionnel et son caract\u00e8re raffin\u00e9.<\/p>\n<p class=\"p4\">Cette <i>r\u00e9colte hivernale<\/i> est r\u00e9colt\u00e9e \u00e0 la fin du mois d\u2019octobre, alors que l\u2019air frais du d\u00e9but de l\u2019hiver ralentit la croissance des feuilles de Hong Yun. Ces bourgeons de fin de saison sont rares et pr\u00e9cieux pour leur clart\u00e9 et leur douceur naturelle. La maturation plus lente, sous un soleil doux, donne une liqueur \u00e0 la fois lisse, pure et d\u00e9licatement aromatique.<\/p>\n<p class=\"p4\">Il allie la force audacieuse de l\u2019Assam \u00e0 la douceur florale du Keemun, donnant une tasse \u00e0 la fois riche et \u00e9l\u00e9gante. L\u2019ar\u00f4me r\u00e9v\u00e8le des notes florales et de fruits m\u00fbrs, tandis que la liqueur glisse doucement sur le palais, laissant derri\u00e8re elle une chaleur douce rappelant le miel.<\/p>\n<p class=\"p4\">Je ne suis pas quelqu\u2019un qui appr\u00e9cie particuli\u00e8rement le miel, et pourtant j\u2019aime la fa\u00e7on dont ce th\u00e9 r\u00e9v\u00e8le une douceur naturelle qui persiste longtemps apr\u00e8s chaque gorg\u00e9e \u2014 ronde, r\u00e9confortante et sereine. Parmi tous les th\u00e9s que je bois en hiver, celui-ci reste l\u2019un de mes pr\u00e9f\u00e9r\u00e9s.<\/p>","protected":false},"featured_media":2470,"comment_status":"open","ping_status":"closed","template":"","meta":{"_acf_changed":false,"_kad_blocks_custom_css":"","_kad_blocks_head_custom_js":"","_kad_blocks_body_custom_js":"","_kad_blocks_footer_custom_js":"","_kad_post_transparent":"default","_kad_post_title":"","_kad_post_layout":"default","_kad_post_sidebar_id":"","_kad_post_content_style":"default","_kad_post_vertical_padding":"default","_kad_post_feature":"","_kad_post_feature_position":"","_kad_post_header":false,"_kad_post_footer":false,"_kad_post_classname":""},"product_brand":[],"product_cat":[18,120,56,73],"product_tag":[108,96,97,107,127,71,66,106,103,104,59,105,98,94,109,95],"class_list":{"0":"post-2469","1":"product","2":"type-product","3":"status-publish","4":"has-post-thumbnail","6":"product_cat-black-tea","7":"product_cat-limited-harvest","8":"product_cat-sesonal-recommendation","9":"product_cat-starred-teas","10":"product_tag-afternoon-tea","11":"product_tag-autumnandwinter","12":"product_tag-black-tea","13":"product_tag-clay-teapot","14":"product_tag-comforting-tea","15":"product_tag-fire","16":"product_tag-gaiwan","17":"product_tag-milk-tea-base","18":"product_tag-morning-tea","19":"product_tag-office-tea","20":"product_tag-pure-tea","21":"product_tag-rich-flavor","22":"product_tag-smooth","23":"product_tag-sweet","24":"product_tag-warming-tea","25":"product_tag-winter","26":"pa_caffeine-medium","27":"pa_element-fire","28":"pa_flavor-floral","29":"pa_flavor-fruity","30":"pa_flavor-umami-sweet","31":"pa_intensity-medium","32":"pa_roast-level-unroasted","34":"first","35":"instock","36":"taxable","37":"shipping-taxable","38":"purchasable","39":"product-type-variable","40":"has-default-attributes","41":"entry","42":"content-bg","43":"loop-entry"},"acf":[],"aioseo_notices":[],"taxonomy_info":{"product_cat":[{"value":18,"label":"Black \/ Red Teas"},{"value":120,"label":"Limited Harvest"},{"value":56,"label":"Sesonal recommendation"},{"value":73,"label":"Starred Teas"}],"product_tag":[{"value":108,"label":"Afternoon Tea"},{"value":96,"label":"Autumn"},{"value":97,"label":"Black Tea"},{"value":107,"label":"Clay Teapot"},{"value":127,"label":"Comforting Tea"},{"value":71,"label":"Fire"},{"value":66,"label":"Gaiwan"},{"value":106,"label":"Milk Tea Base"},{"value":103,"label":"Morning tea"},{"value":104,"label":"Office Tea"},{"value":59,"label":"Pure Tea"},{"value":105,"label":"Rich Flavor"},{"value":98,"label":"Smooth"},{"value":94,"label":"Sweet"},{"value":109,"label":"Warming Tea"},{"value":95,"label":"Winter"}],"pa_caffeine":[{"value":151,"label":"Medium"}],"pa_element":[{"value":158,"label":"Fire"}],"pa_flavor":[{"value":162,"label":"Floral"},{"value":163,"label":"Fruity"},{"value":167,"label":"Umami \/ Sweet"}],"pa_intensity":[{"value":169,"label":"Medium"}],"pa_roast-level":[{"value":159,"label":"Unroasted"}]},"featured_image_src_large":["https:\/\/teaphor.com\/wp-content\/uploads\/2025\/10\/HONGYUN-site-copy.jpg",800,800,false],"author_info":[],"comment_info":0,"_links":{"self":[{"href":"https:\/\/teaphor.com\/fr\/wp-json\/wp\/v2\/product\/2469","targetHints":{"allow":["GET"]}}],"collection":[{"href":"https:\/\/teaphor.com\/fr\/wp-json\/wp\/v2\/product"}],"about":[{"href":"https:\/\/teaphor.com\/fr\/wp-json\/wp\/v2\/types\/product"}],"replies":[{"embeddable":true,"href":"https:\/\/teaphor.com\/fr\/wp-json\/wp\/v2\/comments?post=2469"}],"wp:featuredmedia":[{"embeddable":true,"href":"https:\/\/teaphor.com\/fr\/wp-json\/wp\/v2\/media\/2470"}],"wp:attachment":[{"href":"https:\/\/teaphor.com\/fr\/wp-json\/wp\/v2\/media?parent=2469"}],"wp:term":[{"taxonomy":"product_brand","embeddable":true,"href":"https:\/\/teaphor.com\/fr\/wp-json\/wp\/v2\/product_brand?post=2469"},{"taxonomy":"product_cat","embeddable":true,"href":"https:\/\/teaphor.com\/fr\/wp-json\/wp\/v2\/product_cat?post=2469"},{"taxonomy":"product_tag","embeddable":true,"href":"https:\/\/teaphor.com\/fr\/wp-json\/wp\/v2\/product_tag?post=2469"}],"curies":[{"name":"wp","href":"https:\/\/api.w.org\/{rel}","templated":true}]}}