{"id":3266,"date":"2025-11-15T17:08:41","date_gmt":"2025-11-15T17:08:41","guid":{"rendered":"https:\/\/teaphor.com\/?post_type=product&#038;p=3266"},"modified":"2025-11-22T18:10:29","modified_gmt":"2025-11-22T18:10:29","slug":"hong-yu-ruby-red-black-tea","status":"publish","type":"product","link":"https:\/\/teaphor.com\/fr\/shop\/black-tea\/hong-yu-ruby-red-black-tea\/","title":{"rendered":"Hong Yu - Th\u00e9 noir Ruby Red"},"content":{"rendered":"<p class=\"p4\">Brillant, propre et naturellement doux, il \u00e9quilibre la profondeur de l'h\u00e9ritage Assam avec la clart\u00e9 du cultivar de th\u00e9 originaire de Ta\u00efwan.<\/p>\n<p class=\"p4\">Soyeux tout en \u00e9tant vif en bouche, offrant d\u2019abord une fra\u00eecheur rafra\u00eechissante \u00e0 la premi\u00e8re gorg\u00e9e, suivie d\u2019une chaleur douce et enveloppante.<\/p>\n<p class=\"p4\">Une finale longue et r\u00e9sonnante, avec une douceur persistante rappelant le miel, le longane s\u00e9ch\u00e9 et des \u00e9pices douces \u2014 calme, r\u00e9confortante et d\u2019une \u00e9l\u00e9gance incontestable.<\/p>\n<p><strong><em>L\u00e9ger \u00e0 fort<\/em><\/strong><\/p>\n<p><img decoding=\"async\" class=\"alignnone size-medium wp-image-2307\" src=\"https:\/\/teaphor.com\/wp-content\/webp-express\/webp-images\/uploads\/2025\/08\/level-4-300x61.png.webp\" alt=\"\" width=\"300\" height=\"61\" srcset=\"https:\/\/teaphor.com\/wp-content\/webp-express\/webp-images\/uploads\/2025\/08\/level-4-300x61.png.webp 300w, https:\/\/teaphor.com\/wp-content\/webp-express\/webp-images\/uploads\/2025\/08\/level-4-18x4.png.webp 18w, https:\/\/teaphor.com\/wp-content\/webp-express\/webp-images\/uploads\/2025\/08\/level-4.png.webp 400w\" sizes=\"(max-width: 300px) 100vw, 300px\" \/><\/p>\n<p><strong><em>De l'amer \/ astringent au doux \/ Umaimi\u00a0<\/em><\/strong><\/p>\n<p><img decoding=\"async\" class=\"alignnone size-medium wp-image-2307\" src=\"https:\/\/teaphor.com\/wp-content\/webp-express\/webp-images\/uploads\/2025\/08\/level-4-300x61.png.webp\" alt=\"\" width=\"300\" height=\"61\" srcset=\"https:\/\/teaphor.com\/wp-content\/webp-express\/webp-images\/uploads\/2025\/08\/level-4-300x61.png.webp 300w, https:\/\/teaphor.com\/wp-content\/webp-express\/webp-images\/uploads\/2025\/08\/level-4-18x4.png.webp 18w, https:\/\/teaphor.com\/wp-content\/webp-express\/webp-images\/uploads\/2025\/08\/level-4.png.webp 400w\" sizes=\"(max-width: 300px) 100vw, 300px\" \/><\/p>","protected":false},"excerpt":{"rendered":"<p class=\"p1\">Le Hong Yu, ou Ruby Red, est consid\u00e9r\u00e9 comme un th\u00e9 noir premium de classe mondiale. Issu d\u2019un croisement entre un cultivar d\u2019Assam et un th\u00e9 de montagne indig\u00e8ne ta\u00efwanais, il se distingue par sa clart\u00e9, son \u00e9quilibre et la pr\u00e9sence \u00e0 la fois calme et vivifiante qu\u2019il apporte \u00e0 chaque tasse.<\/p>\n<p class=\"p1\">L\u2019ar\u00f4me de ce th\u00e9 est saisissant. Lorsqu\u2019on le respire chaud, on per\u00e7oit une profondeur complexe et imposante \u2014 un peu comme ouvrir un livre d\u2019histoire sophistiqu\u00e9 \u2014 tout en restant accueillant plut\u00f4t que dominant. Le go\u00fbt, en revanche, est \u00e9tonnamment accessible. Il r\u00e9v\u00e8le une complexit\u00e9 en couches, mais d\u2019une mani\u00e8re famili\u00e8re et facile \u00e0 appr\u00e9cier, peut-\u00eatre parce qu\u2019elle provient de lign\u00e9es de th\u00e9s reconnues et appr\u00e9ci\u00e9es. La douceur se manifeste sans effort, la structure est stable mais douce, et la finale s\u2019installe dans une chaleur longue et tranquille.<\/p>\n<p class=\"p1\">Ce lot sp\u00e9cial provient d\u2019une r\u00e9colte hivernale de cultivars \u00e0 grandes feuilles, naturellement riches en cat\u00e9chines et en polyph\u00e9nols qui se transforment pendant l\u2019oxydation, apportant profondeur et douceur. Le jardin de th\u00e9 avait \u00e9t\u00e9 laiss\u00e9 en jach\u00e8re pendant plus d\u2019un an, permettant au sol de se r\u00e9g\u00e9n\u00e9rer et donnant naissance \u00e0 des feuilles exceptionnellement \u00e9paisses et vigoureuses.<\/p>\n<p class=\"p1\">Apr\u00e8s transformation, les feuilles pr\u00e9sentent un \u00e9clat noir encre profond, avec une l\u00e9g\u00e8re nuance violette. La liqueur prend une couleur ambre-rouge limpide, r\u00e9v\u00e9lant un caract\u00e8re pos\u00e9 et silencieusement puissant qui persiste bien apr\u00e8s chaque gorg\u00e9e.<\/p>\n<p class=\"p1\">Que vous soyez d\u00e9j\u00e0 passionn\u00e9 par le Ruby Red ou simplement curieux de d\u00e9couvrir des th\u00e9s noirs de classe mondiale, ce th\u00e9 m\u00e9rite vraiment d\u2019\u00eatre go\u00fbt\u00e9.<\/p>","protected":false},"featured_media":3271,"comment_status":"open","ping_status":"closed","template":"","meta":{"_acf_changed":false,"_kad_blocks_custom_css":"","_kad_blocks_head_custom_js":"","_kad_blocks_body_custom_js":"","_kad_blocks_footer_custom_js":"","_kad_post_transparent":"default","_kad_post_title":"","_kad_post_layout":"default","_kad_post_sidebar_id":"","_kad_post_content_style":"default","_kad_post_vertical_padding":"default","_kad_post_feature":"","_kad_post_feature_position":"","_kad_post_header":false,"_kad_post_footer":false,"_kad_post_classname":""},"product_brand":[],"product_cat":[18],"product_tag":[108,96,97,107,127,71,66,106,103,104,59,105,98,94,109,95],"class_list":{"0":"post-3266","1":"product","2":"type-product","3":"status-publish","4":"has-post-thumbnail","6":"product_cat-black-tea","7":"product_tag-afternoon-tea","8":"product_tag-autumnandwinter","9":"product_tag-black-tea","10":"product_tag-clay-teapot","11":"product_tag-comforting-tea","12":"product_tag-fire","13":"product_tag-gaiwan","14":"product_tag-milk-tea-base","15":"product_tag-morning-tea","16":"product_tag-office-tea","17":"product_tag-pure-tea","18":"product_tag-rich-flavor","19":"product_tag-smooth","20":"product_tag-sweet","21":"product_tag-warming-tea","22":"product_tag-winter","23":"pa_caffeine-high","24":"pa_element-fire","25":"pa_flavor-floral","26":"pa_flavor-mellow","27":"pa_flavor-umami-sweet","28":"pa_intensity-medium","29":"pa_roast-level-unroasted","31":"first","32":"instock","33":"taxable","34":"shipping-taxable","35":"purchasable","36":"product-type-variable","37":"has-default-attributes","38":"entry","39":"content-bg","40":"loop-entry"},"acf":[],"aioseo_notices":[],"taxonomy_info":{"product_cat":[{"value":18,"label":"Black \/ Red Teas"}],"product_tag":[{"value":108,"label":"Afternoon Tea"},{"value":96,"label":"Autumn"},{"value":97,"label":"Black Tea"},{"value":107,"label":"Clay Teapot"},{"value":127,"label":"Comforting Tea"},{"value":71,"label":"Fire"},{"value":66,"label":"Gaiwan"},{"value":106,"label":"Milk Tea Base"},{"value":103,"label":"Morning tea"},{"value":104,"label":"Office Tea"},{"value":59,"label":"Pure Tea"},{"value":105,"label":"Rich Flavor"},{"value":98,"label":"Smooth"},{"value":94,"label":"Sweet"},{"value":109,"label":"Warming Tea"},{"value":95,"label":"Winter"}],"pa_caffeine":[{"value":153,"label":"High"}],"pa_element":[{"value":158,"label":"Fire"}],"pa_flavor":[{"value":162,"label":"Floral"},{"value":176,"label":"Mellow"},{"value":167,"label":"Umami \/ Sweet"}],"pa_intensity":[{"value":169,"label":"Medium"}],"pa_roast-level":[{"value":159,"label":"Unroasted"}]},"featured_image_src_large":["https:\/\/teaphor.com\/wp-content\/uploads\/2025\/11\/hong-yu-red-ruby-800.jpg",800,800,false],"author_info":[],"comment_info":0,"_links":{"self":[{"href":"https:\/\/teaphor.com\/fr\/wp-json\/wp\/v2\/product\/3266","targetHints":{"allow":["GET"]}}],"collection":[{"href":"https:\/\/teaphor.com\/fr\/wp-json\/wp\/v2\/product"}],"about":[{"href":"https:\/\/teaphor.com\/fr\/wp-json\/wp\/v2\/types\/product"}],"replies":[{"embeddable":true,"href":"https:\/\/teaphor.com\/fr\/wp-json\/wp\/v2\/comments?post=3266"}],"wp:featuredmedia":[{"embeddable":true,"href":"https:\/\/teaphor.com\/fr\/wp-json\/wp\/v2\/media\/3271"}],"wp:attachment":[{"href":"https:\/\/teaphor.com\/fr\/wp-json\/wp\/v2\/media?parent=3266"}],"wp:term":[{"taxonomy":"product_brand","embeddable":true,"href":"https:\/\/teaphor.com\/fr\/wp-json\/wp\/v2\/product_brand?post=3266"},{"taxonomy":"product_cat","embeddable":true,"href":"https:\/\/teaphor.com\/fr\/wp-json\/wp\/v2\/product_cat?post=3266"},{"taxonomy":"product_tag","embeddable":true,"href":"https:\/\/teaphor.com\/fr\/wp-json\/wp\/v2\/product_tag?post=3266"}],"curies":[{"name":"wp","href":"https:\/\/api.w.org\/{rel}","templated":true}]}}