{"id":3284,"date":"2025-11-15T22:21:48","date_gmt":"2025-11-15T22:21:48","guid":{"rendered":"https:\/\/teaphor.com\/?post_type=product&#038;p=3284"},"modified":"2025-12-07T20:16:09","modified_gmt":"2025-12-07T20:16:09","slug":"chinese-tea-essentials-set","status":"publish","type":"product","link":"https:\/\/teaphor.com\/fr\/shop\/tea-tasting-sets\/chinese-tea-essentials-set\/","title":{"rendered":"Set de base pour le th\u00e9 chinois"},"content":{"rendered":"","protected":false},"excerpt":{"rendered":"<p>Une s\u00e9lection \u00e9quilibr\u00e9e de th\u00e9s verts, blancs, Pu-erh et noirs, permettant d\u2019explorer les saveurs caract\u00e9ristiques de la Chine.<\/p>\n<p>Elle comprend :<\/p>\n<p><a href=\"https:\/\/teaphor.com\/fr\/shop\/green-tea\/long-jing-dragon-well\/\">Long Jing Premium\u00a0<img decoding=\"async\" class=\"emoji\" role=\"img\" draggable=\"false\" src=\"https:\/\/s.w.org\/images\/core\/emoji\/16.0.1\/svg\/1f33f.svg\" alt=\"\ud83c\udf3f\" \/> - Th\u00e9 vert r\u00e9colte manuelle mi-fin printemps<\/a> - 1 sachet de d\u00e9gustation (10 g)<\/p>\n<p class=\"product_title entry-title\"><a href=\"https:\/\/teaphor.com\/fr\/shop\/black-tea\/goldenbudblacktea\/\">Th\u00e9 noir Golden Bud<\/a> - 1 sachet de d\u00e9gustation (10 g)<\/p>\n<p><a href=\"https:\/\/teaphor.com\/fr\/shop\/oolong-tea\/dahongpao\/\">Da Hong Pao<\/a> - 1 sachet de d\u00e9gustation (10 g)<\/p>\n<p class=\"product_title entry-title\"><a href=\"https:\/\/teaphor.com\/fr\/shop\/white-tea\/white-poney-bai-mudan\/\">White Poney \/ Bai Mudan<\/a> - 1 sachet de d\u00e9gustation (10 g)<\/p>\n<p class=\"product_title entry-title\"><a href=\"https:\/\/teaphor.com\/fr\/shop\/pu-erh-teas\/2018-ripe-pu-erh\/\">Pu-erh ferment\u00e9 2018, arbres anciens \u2013 Dragon Ball<\/a> - 1 boule (8 g)<\/p>\n<p class=\"p1\"><b>Veuillez noter que la couleur du pack de d\u00e9gustation est choisie au hasard parmi plusieurs options disponibles, il se peut donc qu'elle ne corresponde pas exactement aux photos.<\/b><\/p>\n<p>Pour le guide de pr\u00e9paration, veuillez consulter le guide sur la page de chaque produit.<\/p>","protected":false},"featured_media":3952,"comment_status":"open","ping_status":"closed","template":"","meta":{"_acf_changed":false,"_kad_blocks_custom_css":"","_kad_blocks_head_custom_js":"","_kad_blocks_body_custom_js":"","_kad_blocks_footer_custom_js":"","_kad_post_transparent":"default","_kad_post_title":"","_kad_post_layout":"default","_kad_post_sidebar_id":"","_kad_post_content_style":"default","_kad_post_vertical_padding":"default","_kad_post_feature":"","_kad_post_feature_position":"","_kad_post_header":false,"_kad_post_footer":false,"_kad_post_classname":""},"product_brand":[],"product_cat":[46],"product_tag":[],"class_list":{"0":"post-3284","1":"product","2":"type-product","3":"status-publish","4":"has-post-thumbnail","6":"product_cat-tea-tasting-sets","8":"first","9":"instock","10":"taxable","11":"shipping-taxable","12":"purchasable","13":"product-type-simple","14":"entry","15":"content-bg","16":"loop-entry"},"acf":[],"aioseo_notices":[],"taxonomy_info":{"product_cat":[{"value":46,"label":"Tea Tasting Sets"}]},"featured_image_src_large":["https:\/\/teaphor.com\/wp-content\/uploads\/2025\/11\/Chinese-Tea-Essentials-Set-test.jpg",1024,1024,false],"author_info":[],"comment_info":0,"_links":{"self":[{"href":"https:\/\/teaphor.com\/fr\/wp-json\/wp\/v2\/product\/3284","targetHints":{"allow":["GET"]}}],"collection":[{"href":"https:\/\/teaphor.com\/fr\/wp-json\/wp\/v2\/product"}],"about":[{"href":"https:\/\/teaphor.com\/fr\/wp-json\/wp\/v2\/types\/product"}],"replies":[{"embeddable":true,"href":"https:\/\/teaphor.com\/fr\/wp-json\/wp\/v2\/comments?post=3284"}],"wp:featuredmedia":[{"embeddable":true,"href":"https:\/\/teaphor.com\/fr\/wp-json\/wp\/v2\/media\/3952"}],"wp:attachment":[{"href":"https:\/\/teaphor.com\/fr\/wp-json\/wp\/v2\/media?parent=3284"}],"wp:term":[{"taxonomy":"product_brand","embeddable":true,"href":"https:\/\/teaphor.com\/fr\/wp-json\/wp\/v2\/product_brand?post=3284"},{"taxonomy":"product_cat","embeddable":true,"href":"https:\/\/teaphor.com\/fr\/wp-json\/wp\/v2\/product_cat?post=3284"},{"taxonomy":"product_tag","embeddable":true,"href":"https:\/\/teaphor.com\/fr\/wp-json\/wp\/v2\/product_tag?post=3284"}],"curies":[{"name":"wp","href":"https:\/\/api.w.org\/{rel}","templated":true}]}}