{"id":3286,"date":"2025-11-15T22:43:45","date_gmt":"2025-11-15T22:43:45","guid":{"rendered":"https:\/\/teaphor.com\/?post_type=product&#038;p=3286"},"modified":"2026-03-23T02:04:15","modified_gmt":"2026-03-23T02:04:15","slug":"tea-master-selection-the-best-of-each-tea-ranges","status":"publish","type":"product","link":"https:\/\/teaphor.com\/fr\/shop\/tea-tasting-sets\/tea-tasting-pack\/tea-master-selection-the-best-of-each-tea-ranges\/","title":{"rendered":"S\u00e9lection Tea Master : le meilleur de chaque gamme de th\u00e9s"},"content":{"rendered":"","protected":false},"excerpt":{"rendered":"<p class=\"p1\">D\u00e9couvrez le meilleur de chaque cat\u00e9gorie de th\u00e9 dans cette s\u00e9lection de Tea Master.<\/p>\n<p class=\"p1\">Cette collection r\u00e9unit les meilleurs repr\u00e9sentants des th\u00e9s oolong, noirs, verts et Pu-erh \u2014 chacun choisi pour son excellence, son caract\u00e8re et son savoir-faire exceptionnel.<\/p>\n<p class=\"p1\">Un coffret parfait pour ceux qui souhaitent d\u00e9guster les incontournables de chaque gamme et d\u00e9couvrir la v\u00e9ritable diversit\u00e9 des th\u00e9s premium chinois et ta\u00efwanais.<\/p>\n<p class=\"p1\">Elle comprend :<\/p>\n<p class=\"product_title entry-title\"><a href=\"https:\/\/teaphor.com\/fr\/shop\/pu-erh-teas\/2012-vintage-ancient-tree-raw-puerh\/\">2012 Pu-Erh Cru d'Arbre Ancien\u00a0<\/a>- 1 sachet de d\u00e9gustation (10 g)<\/p>\n<p class=\"product_title entry-title\"><a href=\"https:\/\/teaphor.com\/fr\/shop\/pu-erh-teas\/2018-ripe-pu-erh\/\">Pu-erh ferment\u00e9 2018, arbres anciens \u2013 Dragon Ball<\/a> - 1 boule (8 g)<\/p>\n<p class=\"product_title entry-title\"><a href=\"https:\/\/teaphor.com\/fr\/shop\/green-tea\/premium-longjing-%f0%9f%8c%bf-early-spring-handpicked-havest-green-tea\/\">Prime Long Jing\u00a0<img decoding=\"async\" class=\"emoji\" role=\"img\" draggable=\"false\" src=\"https:\/\/s.w.org\/images\/core\/emoji\/16.0.1\/svg\/1f33f.svg\" alt=\"\ud83c\udf3f\" \/> - Th\u00e9 vert r\u00e9colt\u00e9 \u00e0 la main au d\u00e9but du printemps<\/a> - 1 sachet de d\u00e9gustation (10 g)<\/p>\n<p class=\"product_title entry-title\"><a href=\"https:\/\/teaphor.com\/fr\/shop\/oolong-tea\/taiwan-high-mountain-oolong-tea-creamy-and-floral\/\">Oolong de qualit\u00e9 sup\u00e9rieure de Taiwan High Mountain - Cr\u00e9meux et floral - Torr\u00e9faction l\u00e9g\u00e8re<\/a> - 1 sachet de d\u00e9gustation (10 g)<\/p>\n<p class=\"product_title entry-title\"><a href=\"https:\/\/teaphor.com\/fr\/shop\/black-tea\/hong-yu\/\">Hong Yun - R\u00e9colte hivernale d\u2019exception<\/a> - 1 sachet de d\u00e9gustation (10 g)<\/p>\n<p class=\"p1\"><b>Veuillez noter que la couleur du pack de d\u00e9gustation est choisie au hasard parmi plusieurs options disponibles, il se peut donc qu'elle ne corresponde pas exactement aux photos.<\/b><\/p>\n<p>Pour le guide de pr\u00e9paration, veuillez consulter le guide sur la page de chaque produit.<\/p>","protected":false},"featured_media":3954,"comment_status":"open","ping_status":"closed","template":"","meta":{"_acf_changed":false,"_kad_blocks_custom_css":"","_kad_blocks_head_custom_js":"","_kad_blocks_body_custom_js":"","_kad_blocks_footer_custom_js":"","_kad_post_transparent":"default","_kad_post_title":"","_kad_post_layout":"default","_kad_post_sidebar_id":"","_kad_post_content_style":"default","_kad_post_vertical_padding":"default","_kad_post_feature":"","_kad_post_feature_position":"","_kad_post_header":false,"_kad_post_footer":false,"_kad_post_classname":""},"product_brand":[],"product_cat":[18,17,54,43,145],"product_tag":[],"class_list":{"0":"post-3286","1":"product","2":"type-product","3":"status-publish","4":"has-post-thumbnail","6":"product_cat-black-tea","7":"product_cat-green-tea","8":"product_cat-oolong-tea","9":"product_cat-pu-erh-teas","10":"product_cat-tea-tasting-pack","12":"first","13":"instock","14":"taxable","15":"shipping-taxable","16":"purchasable","17":"product-type-simple","18":"entry","19":"content-bg","20":"loop-entry"},"acf":[],"aioseo_notices":[],"taxonomy_info":{"product_cat":[{"value":18,"label":"Black \/ Red Teas"},{"value":17,"label":"Green Teas"},{"value":54,"label":"Oolong Teas"},{"value":43,"label":"Pu-Erh"},{"value":145,"label":"Tea Tasting Pack"}]},"featured_image_src_large":["https:\/\/teaphor.com\/wp-content\/uploads\/2025\/11\/teamasterselectiontest.jpg",1024,1024,false],"author_info":[],"comment_info":1,"_links":{"self":[{"href":"https:\/\/teaphor.com\/fr\/wp-json\/wp\/v2\/product\/3286","targetHints":{"allow":["GET"]}}],"collection":[{"href":"https:\/\/teaphor.com\/fr\/wp-json\/wp\/v2\/product"}],"about":[{"href":"https:\/\/teaphor.com\/fr\/wp-json\/wp\/v2\/types\/product"}],"replies":[{"embeddable":true,"href":"https:\/\/teaphor.com\/fr\/wp-json\/wp\/v2\/comments?post=3286"}],"wp:featuredmedia":[{"embeddable":true,"href":"https:\/\/teaphor.com\/fr\/wp-json\/wp\/v2\/media\/3954"}],"wp:attachment":[{"href":"https:\/\/teaphor.com\/fr\/wp-json\/wp\/v2\/media?parent=3286"}],"wp:term":[{"taxonomy":"product_brand","embeddable":true,"href":"https:\/\/teaphor.com\/fr\/wp-json\/wp\/v2\/product_brand?post=3286"},{"taxonomy":"product_cat","embeddable":true,"href":"https:\/\/teaphor.com\/fr\/wp-json\/wp\/v2\/product_cat?post=3286"},{"taxonomy":"product_tag","embeddable":true,"href":"https:\/\/teaphor.com\/fr\/wp-json\/wp\/v2\/product_tag?post=3286"}],"curies":[{"name":"wp","href":"https:\/\/api.w.org\/{rel}","templated":true}]}}