{"id":3690,"date":"2025-11-22T19:56:43","date_gmt":"2025-11-22T19:56:43","guid":{"rendered":"https:\/\/teaphor.com\/?post_type=product&#038;p=3690"},"modified":"2025-11-22T20:41:15","modified_gmt":"2025-11-22T20:41:15","slug":"tieguanyin-floral-roasted","status":"publish","type":"product","link":"https:\/\/teaphor.com\/fr\/shop\/oolong-tea\/tieguanyin-floral-roasted\/","title":{"rendered":"Tieguanyin \u2013 Floral et torr\u00e9fi\u00e9"},"content":{"rendered":"<p class=\"p3\"><b>\u00c0 propos du Tieguanyin<\/b><\/p>\n<p class=\"p1\"><i>Tieguanyin signifie \u201c Bodhisattva de fer \u201d, d'apr\u00e8s une l\u00e9gende sur Guanyin.<\/i><\/p>\n<p class=\"p1\">Le Tieguanyin est un th\u00e9 oolong chinois r\u00e9put\u00e9 originaire de la province du Fujian. Il est connu pour son \u00e9quilibre caract\u00e9ristique entre son parfum floral, sa clart\u00e9 rafra\u00eechissante et sa finale douce et persistante. Traditionnellement semi-oxyd\u00e9, le Tieguanyin se caract\u00e9rise souvent par des ar\u00f4mes naturels rappelant ceux de l'orchid\u00e9e, une liqueur claire et limpide, et un profil aromatique complexe qui va de frais et floral \u00e0 riche et l\u00e9g\u00e8rement torr\u00e9fi\u00e9, selon le savoir-faire du ma\u00eetre de th\u00e9.<\/p>\n<p class=\"p1\"><b>Caract\u00e9ristiques gustatives :<\/b><\/p>\n<p class=\"p1\">Ar\u00f4me floral prononc\u00e9 (souvent semblable \u00e0 celui de l'orchid\u00e9e)<\/p>\n<p class=\"p1\">Sensations en bouche douces et nettes<\/p>\n<p class=\"p1\">Arri\u00e8re-go\u00fbt doux et persistant<\/p>\n<p class=\"p1\">Peut aller de frais et vif \u00e0 l\u00e9g\u00e8rement torr\u00e9fi\u00e9 et moelleux.<\/p>\n<p><strong><em>L\u00e9ger \u00e0 fort<\/em><\/strong><\/p>\n<p><img decoding=\"async\" class=\"alignnone size-medium wp-image-2307\" src=\"https:\/\/teaphor.com\/wp-content\/webp-express\/webp-images\/uploads\/2025\/08\/level-4-300x61.png.webp\" alt=\"\" width=\"300\" height=\"61\" srcset=\"https:\/\/teaphor.com\/wp-content\/webp-express\/webp-images\/uploads\/2025\/08\/level-4-300x61.png.webp 300w, https:\/\/teaphor.com\/wp-content\/webp-express\/webp-images\/uploads\/2025\/08\/level-4-18x4.png.webp 18w, https:\/\/teaphor.com\/wp-content\/webp-express\/webp-images\/uploads\/2025\/08\/level-4.png.webp 400w\" sizes=\"(max-width: 300px) 100vw, 300px\" \/><\/p>\n<p><strong><em>De l'amer \/ astringent au doux \/ Umaimi\u00a0<\/em><\/strong><\/p>\n<p><img decoding=\"async\" class=\"alignnone size-medium wp-image-2308\" src=\"https:\/\/teaphor.com\/wp-content\/webp-express\/webp-images\/uploads\/2025\/08\/LEVEL-3-300x66.png.webp\" alt=\"\" width=\"300\" height=\"66\" srcset=\"https:\/\/teaphor.com\/wp-content\/webp-express\/webp-images\/uploads\/2025\/08\/LEVEL-3-300x66.png.webp 300w, https:\/\/teaphor.com\/wp-content\/webp-express\/webp-images\/uploads\/2025\/08\/LEVEL-3-18x4.png.webp 18w, https:\/\/teaphor.com\/wp-content\/webp-express\/webp-images\/uploads\/2025\/08\/LEVEL-3.png.webp 400w\" sizes=\"(max-width: 300px) 100vw, 300px\" \/><br \/>\n<em><strong>Caf\u00e9ine<\/strong><\/em><\/p>\n<p><img decoding=\"async\" class=\"alignnone size-medium wp-image-2307\" src=\"https:\/\/teaphor.com\/wp-content\/webp-express\/webp-images\/uploads\/2025\/08\/level-4-300x61.png.webp\" alt=\"\" width=\"300\" height=\"61\" srcset=\"https:\/\/teaphor.com\/wp-content\/webp-express\/webp-images\/uploads\/2025\/08\/level-4-300x61.png.webp 300w, https:\/\/teaphor.com\/wp-content\/webp-express\/webp-images\/uploads\/2025\/08\/level-4-18x4.png.webp 18w, https:\/\/teaphor.com\/wp-content\/webp-express\/webp-images\/uploads\/2025\/08\/level-4.png.webp 400w\" sizes=\"(max-width: 300px) 100vw, 300px\" \/><\/p>","protected":false},"excerpt":{"rendered":"<p class=\"p1\">Ce Tieguanyin est un m\u00e9lange raffin\u00e9 d'ar\u00f4mes floraux d\u00e9licats et de subtiles notes torr\u00e9fi\u00e9es, offrant une exp\u00e9rience gustative \u00e9quilibr\u00e9e et complexe. Son parfum s'ouvre sur une douceur naturelle rappelant l'orchid\u00e9e, suivie d'une finale chaude et moelleuse fa\u00e7onn\u00e9e par la torr\u00e9faction traditionnelle au charbon de bois. Doux, rafra\u00eechissant et complexe, ce th\u00e9 capture l'\u00e9l\u00e9gance d'un Tieguanyin de haute qualit\u00e9 tout en offrant \u00e0 la fois de la vivacit\u00e9 et de la profondeur \u00e0 chaque gorg\u00e9e.<\/p>\n<p class=\"p1\">Si vous le souhaitez, je peux vous proposer plusieurs versions : plus po\u00e9tique, plus commerciale ou plus concise.<\/p>","protected":false},"featured_media":3693,"comment_status":"open","ping_status":"closed","template":"","meta":{"_acf_changed":false,"_kad_blocks_custom_css":"","_kad_blocks_head_custom_js":"","_kad_blocks_body_custom_js":"","_kad_blocks_footer_custom_js":"","_kad_post_transparent":"default","_kad_post_title":"","_kad_post_layout":"default","_kad_post_sidebar_id":"","_kad_post_content_style":"default","_kad_post_vertical_padding":"default","_kad_post_feature":"","_kad_post_feature_position":"","_kad_post_header":false,"_kad_post_footer":false,"_kad_post_classname":""},"product_brand":[],"product_cat":[54],"product_tag":[108,96,113,71,112,66,116,69,103,104,119,59,105,98,94],"class_list":{"0":"post-3690","1":"product","2":"type-product","3":"status-publish","4":"has-post-thumbnail","6":"product_cat-oolong-tea","7":"product_tag-afternoon-tea","8":"product_tag-autumnandwinter","9":"product_tag-cold-brew","10":"product_tag-fire","11":"product_tag-floral","12":"product_tag-gaiwan","13":"product_tag-medium-oxidation","14":"product_tag-metal","15":"product_tag-morning-tea","16":"product_tag-office-tea","17":"product_tag-oolong-tea","18":"product_tag-pure-tea","19":"product_tag-rich-flavor","20":"product_tag-smooth","21":"product_tag-sweet","22":"pa_caffeine-medium","23":"pa_element-fire","24":"pa_element-metal","25":"pa_flavor-floral","26":"pa_flavor-mellow","27":"pa_flavor-toasty","28":"pa_intensity-strong","29":"pa_roast-level-medium","31":"first","32":"instock","33":"taxable","34":"shipping-taxable","35":"purchasable","36":"product-type-variable","37":"entry","38":"content-bg","39":"loop-entry"},"acf":[],"aioseo_notices":[],"taxonomy_info":{"product_cat":[{"value":54,"label":"Oolong Teas"}],"product_tag":[{"value":108,"label":"Afternoon Tea"},{"value":96,"label":"Autumn"},{"value":113,"label":"Cold Brew"},{"value":71,"label":"Fire"},{"value":112,"label":"Floral"},{"value":66,"label":"Gaiwan"},{"value":116,"label":"Medium Oxidation"},{"value":69,"label":"Metal"},{"value":103,"label":"Morning tea"},{"value":104,"label":"Office Tea"},{"value":119,"label":"Oolong Tea"},{"value":59,"label":"Pure Tea"},{"value":105,"label":"Rich Flavor"},{"value":98,"label":"Smooth"},{"value":94,"label":"Sweet"}],"pa_caffeine":[{"value":151,"label":"Medium"}],"pa_element":[{"value":158,"label":"Fire"},{"value":155,"label":"Metal"}],"pa_flavor":[{"value":162,"label":"Floral"},{"value":176,"label":"Mellow"},{"value":164,"label":"Toasty"}],"pa_intensity":[{"value":170,"label":"Strong"}],"pa_roast-level":[{"value":160,"label":"Medium"}]},"featured_image_src_large":["https:\/\/teaphor.com\/wp-content\/uploads\/2025\/11\/tieguanyin-web.jpg",800,800,false],"author_info":[],"comment_info":0,"_links":{"self":[{"href":"https:\/\/teaphor.com\/fr\/wp-json\/wp\/v2\/product\/3690","targetHints":{"allow":["GET"]}}],"collection":[{"href":"https:\/\/teaphor.com\/fr\/wp-json\/wp\/v2\/product"}],"about":[{"href":"https:\/\/teaphor.com\/fr\/wp-json\/wp\/v2\/types\/product"}],"replies":[{"embeddable":true,"href":"https:\/\/teaphor.com\/fr\/wp-json\/wp\/v2\/comments?post=3690"}],"wp:featuredmedia":[{"embeddable":true,"href":"https:\/\/teaphor.com\/fr\/wp-json\/wp\/v2\/media\/3693"}],"wp:attachment":[{"href":"https:\/\/teaphor.com\/fr\/wp-json\/wp\/v2\/media?parent=3690"}],"wp:term":[{"taxonomy":"product_brand","embeddable":true,"href":"https:\/\/teaphor.com\/fr\/wp-json\/wp\/v2\/product_brand?post=3690"},{"taxonomy":"product_cat","embeddable":true,"href":"https:\/\/teaphor.com\/fr\/wp-json\/wp\/v2\/product_cat?post=3690"},{"taxonomy":"product_tag","embeddable":true,"href":"https:\/\/teaphor.com\/fr\/wp-json\/wp\/v2\/product_tag?post=3690"}],"curies":[{"name":"wp","href":"https:\/\/api.w.org\/{rel}","templated":true}]}}