{"id":3701,"date":"2025-11-22T22:17:26","date_gmt":"2025-11-22T22:17:26","guid":{"rendered":"https:\/\/teaphor.com\/?post_type=product&#038;p=3701"},"modified":"2025-11-22T22:31:03","modified_gmt":"2025-11-22T22:31:03","slug":"floral-oolong-milk-tea","status":"publish","type":"product","link":"https:\/\/teaphor.com\/fr\/shop\/gifts\/floral-oolong-milk-tea\/","title":{"rendered":"Kit pour amateurs de th\u00e9 au lait - Th\u00e9 au lait torr\u00e9fi\u00e9"},"content":{"rendered":"","protected":false},"excerpt":{"rendered":"<p class=\"p1\">Une jolie tasse en forme de ventre, un sachet de th\u00e9 en vrac de qualit\u00e9 et quelques recettes originales : tout ce dont vous avez besoin pour pr\u00e9parer un d\u00e9licieux th\u00e9 au lait maison. Seulement <i>bon th\u00e9<\/i> fait <i>bon th\u00e9 au lait<\/i>.<\/p>\n<p class=\"p1\">Elle comprend :<\/p>\n<p>50 g de <a href=\"https:\/\/teaphor.com\/fr\/shop\/oolong-tea\/dahongpao\/\">Da Hong Pao<\/a><\/p>\n<p>Une tasse ventrale 350 ml<\/p>\n<p>Recettes originales de th\u00e9 au lait<\/p>","protected":false},"featured_media":3705,"comment_status":"open","ping_status":"closed","template":"","meta":{"_acf_changed":false,"_kad_blocks_custom_css":"","_kad_blocks_head_custom_js":"","_kad_blocks_body_custom_js":"","_kad_blocks_footer_custom_js":"","_kad_post_transparent":"default","_kad_post_title":"","_kad_post_layout":"default","_kad_post_sidebar_id":"","_kad_post_content_style":"default","_kad_post_vertical_padding":"default","_kad_post_feature":"","_kad_post_feature_position":"","_kad_post_header":false,"_kad_post_footer":false,"_kad_post_classname":""},"product_brand":[],"product_cat":[57],"product_tag":[],"class_list":{"0":"post-3701","1":"product","2":"type-product","3":"status-publish","4":"has-post-thumbnail","6":"product_cat-gifts","8":"first","9":"instock","10":"taxable","11":"shipping-taxable","12":"purchasable","13":"product-type-simple","14":"entry","15":"content-bg","16":"loop-entry"},"acf":[],"aioseo_notices":[],"taxonomy_info":{"product_cat":[{"value":57,"label":"Gifts"}]},"featured_image_src_large":["https:\/\/teaphor.com\/wp-content\/uploads\/2025\/11\/Oolong-Milktea-WEB.jpg",800,800,false],"author_info":[],"comment_info":0,"_links":{"self":[{"href":"https:\/\/teaphor.com\/fr\/wp-json\/wp\/v2\/product\/3701","targetHints":{"allow":["GET"]}}],"collection":[{"href":"https:\/\/teaphor.com\/fr\/wp-json\/wp\/v2\/product"}],"about":[{"href":"https:\/\/teaphor.com\/fr\/wp-json\/wp\/v2\/types\/product"}],"replies":[{"embeddable":true,"href":"https:\/\/teaphor.com\/fr\/wp-json\/wp\/v2\/comments?post=3701"}],"wp:featuredmedia":[{"embeddable":true,"href":"https:\/\/teaphor.com\/fr\/wp-json\/wp\/v2\/media\/3705"}],"wp:attachment":[{"href":"https:\/\/teaphor.com\/fr\/wp-json\/wp\/v2\/media?parent=3701"}],"wp:term":[{"taxonomy":"product_brand","embeddable":true,"href":"https:\/\/teaphor.com\/fr\/wp-json\/wp\/v2\/product_brand?post=3701"},{"taxonomy":"product_cat","embeddable":true,"href":"https:\/\/teaphor.com\/fr\/wp-json\/wp\/v2\/product_cat?post=3701"},{"taxonomy":"product_tag","embeddable":true,"href":"https:\/\/teaphor.com\/fr\/wp-json\/wp\/v2\/product_tag?post=3701"}],"curies":[{"name":"wp","href":"https:\/\/api.w.org\/{rel}","templated":true}]}}