{"id":3706,"date":"2025-11-22T22:32:07","date_gmt":"2025-11-22T22:32:07","guid":{"rendered":"https:\/\/teaphor.com\/?post_type=product&#038;p=3706"},"modified":"2025-11-23T20:05:21","modified_gmt":"2025-11-23T20:05:21","slug":"stainless-steel-tea-infuser-ultra-durable","status":"publish","type":"product","link":"https:\/\/teaphor.com\/fr\/shop\/tea-tasting-sets\/teaware\/stainless-steel-tea-infuser-ultra-durable\/","title":{"rendered":"Infuseur de th\u00e9 en acier inoxydable ultra-durable"},"content":{"rendered":"","protected":false},"excerpt":{"rendered":"<p class=\"p1\">Fabriqu\u00e9 en acier inoxydable 316 de premi\u00e8re qualit\u00e9, cet infuseur \u00e0 th\u00e9 est exceptionnellement durable, r\u00e9sistant \u00e0 la corrosion et s\u00fbr pour une utilisation quotidienne. Sa conception \u00e0 mailles fines assure une filtration en douceur tout en permettant \u00e0 la saveur du th\u00e9 en feuilles de s'exprimer pleinement. Il est dot\u00e9 de larges poign\u00e9es lat\u00e9rales pour plus de stabilit\u00e9 et d'un plateau d'\u00e9gouttement assorti pour un rangement propre et facile apr\u00e8s utilisation.<\/p>\n<p class=\"p3\">Caract\u00e9ristiques<\/p>\n<p class=\"p4\">Acier inoxydable 316 \u2014 r\u00e9sistance \u00e0 la corrosion sup\u00e9rieure \u00e0 celle du 304<\/p>\n<p class=\"p4\">Filtration \u00e0 mailles fines pour un th\u00e9 propre et clair<\/p>\n<p class=\"p4\">Livr\u00e9 avec un bac d'\u00e9gouttage pour \u00e9viter les d\u00e9versements<\/p>\n<p class=\"p4\">\u2022Convient \u00e0 la plupart des tasses et th\u00e9i\u00e8res<\/p>\n<p class=\"p3\"><b>Dimensions<\/b><\/p>\n<p class=\"p1\"><b>Infuseur<\/b><\/p>\n<p class=\"p4\">Largeur (de poign\u00e9e \u00e0 poign\u00e9e) : <b>13 cm<\/b><\/p>\n<p class=\"p4\">Diam\u00e8tre sup\u00e9rieur : <b>6 cm<\/b><\/p>\n<p class=\"p4\">Diam\u00e8tre inf\u00e9rieur : <b>4,5 cm<\/b><\/p>\n<p class=\"p4\">Hauteur : <b>7,5 cm<\/b><\/p>\n<p class=\"p1\"><b>Bac d'\u00e9gouttage<\/b><\/p>\n<p class=\"p4\">Diam\u00e8tre int\u00e9rieur : <b>5,8 cm<\/b><\/p>\n<p class=\"p4\">Diam\u00e8tre ext\u00e9rieur : <b>7,7 cm<\/b><\/p>\n<p class=\"p1\">","protected":false},"featured_media":3708,"comment_status":"open","ping_status":"closed","template":"","meta":{"_acf_changed":false,"_kad_blocks_custom_css":"","_kad_blocks_head_custom_js":"","_kad_blocks_body_custom_js":"","_kad_blocks_footer_custom_js":"","_kad_post_transparent":"default","_kad_post_title":"","_kad_post_layout":"default","_kad_post_sidebar_id":"","_kad_post_content_style":"default","_kad_post_vertical_padding":"default","_kad_post_feature":"","_kad_post_feature_position":"","_kad_post_header":false,"_kad_post_footer":false,"_kad_post_classname":""},"product_brand":[],"product_cat":[144],"product_tag":[],"class_list":{"0":"post-3706","1":"product","2":"type-product","3":"status-publish","4":"has-post-thumbnail","6":"product_cat-teaware","8":"first","9":"instock","10":"taxable","11":"shipping-taxable","12":"purchasable","13":"product-type-simple","14":"entry","15":"content-bg","16":"loop-entry"},"acf":[],"aioseo_notices":[],"taxonomy_info":{"product_cat":[{"value":144,"label":"Teaware"}]},"featured_image_src_large":["https:\/\/teaphor.com\/wp-content\/uploads\/2025\/11\/Tea-infuser-web2.jpg",800,800,false],"author_info":[],"comment_info":0,"_links":{"self":[{"href":"https:\/\/teaphor.com\/fr\/wp-json\/wp\/v2\/product\/3706","targetHints":{"allow":["GET"]}}],"collection":[{"href":"https:\/\/teaphor.com\/fr\/wp-json\/wp\/v2\/product"}],"about":[{"href":"https:\/\/teaphor.com\/fr\/wp-json\/wp\/v2\/types\/product"}],"replies":[{"embeddable":true,"href":"https:\/\/teaphor.com\/fr\/wp-json\/wp\/v2\/comments?post=3706"}],"wp:featuredmedia":[{"embeddable":true,"href":"https:\/\/teaphor.com\/fr\/wp-json\/wp\/v2\/media\/3708"}],"wp:attachment":[{"href":"https:\/\/teaphor.com\/fr\/wp-json\/wp\/v2\/media?parent=3706"}],"wp:term":[{"taxonomy":"product_brand","embeddable":true,"href":"https:\/\/teaphor.com\/fr\/wp-json\/wp\/v2\/product_brand?post=3706"},{"taxonomy":"product_cat","embeddable":true,"href":"https:\/\/teaphor.com\/fr\/wp-json\/wp\/v2\/product_cat?post=3706"},{"taxonomy":"product_tag","embeddable":true,"href":"https:\/\/teaphor.com\/fr\/wp-json\/wp\/v2\/product_tag?post=3706"}],"curies":[{"name":"wp","href":"https:\/\/api.w.org\/{rel}","templated":true}]}}