{"id":3709,"date":"2025-11-22T22:39:50","date_gmt":"2025-11-22T22:39:50","guid":{"rendered":"https:\/\/teaphor.com\/?post_type=product&#038;p=3709"},"modified":"2025-11-23T19:39:23","modified_gmt":"2025-11-23T19:39:23","slug":"pu-erh-tea-knife","status":"publish","type":"product","link":"https:\/\/teaphor.com\/fr\/shop\/tea-tasting-sets\/teaware\/pu-erh-tea-knife\/","title":{"rendered":"Couteau \u00e0 th\u00e9 Pu-erh"},"content":{"rendered":"","protected":false},"excerpt":{"rendered":"<p class=\"p1\">Un outil sp\u00e9cialement con\u00e7u pour casser de mani\u00e8re s\u00fbre et propre les galettes et les briques de Pu-erh compress\u00e9es. Con\u00e7u pour les amateurs de th\u00e9, ce couteau \u00e0 th\u00e9 vous permet d'ouvrir les feuilles couche par couche sans les \u00e9craser, ce qui contribue \u00e0 pr\u00e9server leur ar\u00f4me, leur structure et leur potentiel de vieillissement.<\/p>\n<p class=\"p3\"><b>Caract\u00e9ristiques<\/b><\/p>\n<p class=\"p4\">Pointe pr\u00e9cise pour une insertion facile dans le th\u00e9 fortement compress\u00e9<\/p>\n<p class=\"p4\">Manipulation s\u00e9curis\u00e9e<\/p>\n<p class=\"p4\">Id\u00e9al pour les g\u00e2teaux Pu-erh, les briques, les tuocha et autres th\u00e9s compress\u00e9s.<\/p>\n<p class=\"p1\"><b>Mat\u00e9riau :<\/b> Acier inoxydable + \u00c9b\u00e8ne noir<\/p>","protected":false},"featured_media":3711,"comment_status":"open","ping_status":"closed","template":"","meta":{"_acf_changed":false,"_kad_blocks_custom_css":"","_kad_blocks_head_custom_js":"","_kad_blocks_body_custom_js":"","_kad_blocks_footer_custom_js":"","_kad_post_transparent":"default","_kad_post_title":"","_kad_post_layout":"default","_kad_post_sidebar_id":"","_kad_post_content_style":"default","_kad_post_vertical_padding":"default","_kad_post_feature":"","_kad_post_feature_position":"","_kad_post_header":false,"_kad_post_footer":false,"_kad_post_classname":""},"product_brand":[],"product_cat":[144],"product_tag":[],"class_list":{"0":"post-3709","1":"product","2":"type-product","3":"status-publish","4":"has-post-thumbnail","6":"product_cat-teaware","8":"first","9":"instock","10":"taxable","11":"shipping-taxable","12":"purchasable","13":"product-type-simple","14":"entry","15":"content-bg","16":"loop-entry"},"acf":[],"aioseo_notices":[],"taxonomy_info":{"product_cat":[{"value":144,"label":"Teaware"}]},"featured_image_src_large":["https:\/\/teaphor.com\/wp-content\/uploads\/2025\/11\/PU-ERH-KNIFE.jpg",800,800,false],"author_info":[],"comment_info":0,"_links":{"self":[{"href":"https:\/\/teaphor.com\/fr\/wp-json\/wp\/v2\/product\/3709","targetHints":{"allow":["GET"]}}],"collection":[{"href":"https:\/\/teaphor.com\/fr\/wp-json\/wp\/v2\/product"}],"about":[{"href":"https:\/\/teaphor.com\/fr\/wp-json\/wp\/v2\/types\/product"}],"replies":[{"embeddable":true,"href":"https:\/\/teaphor.com\/fr\/wp-json\/wp\/v2\/comments?post=3709"}],"wp:featuredmedia":[{"embeddable":true,"href":"https:\/\/teaphor.com\/fr\/wp-json\/wp\/v2\/media\/3711"}],"wp:attachment":[{"href":"https:\/\/teaphor.com\/fr\/wp-json\/wp\/v2\/media?parent=3709"}],"wp:term":[{"taxonomy":"product_brand","embeddable":true,"href":"https:\/\/teaphor.com\/fr\/wp-json\/wp\/v2\/product_brand?post=3709"},{"taxonomy":"product_cat","embeddable":true,"href":"https:\/\/teaphor.com\/fr\/wp-json\/wp\/v2\/product_cat?post=3709"},{"taxonomy":"product_tag","embeddable":true,"href":"https:\/\/teaphor.com\/fr\/wp-json\/wp\/v2\/product_tag?post=3709"}],"curies":[{"name":"wp","href":"https:\/\/api.w.org\/{rel}","templated":true}]}}