{"id":3712,"date":"2025-11-22T22:51:44","date_gmt":"2025-11-22T22:51:44","guid":{"rendered":"https:\/\/teaphor.com\/?post_type=product&#038;p=3712"},"modified":"2025-11-22T23:27:22","modified_gmt":"2025-11-22T23:27:22","slug":"feng-shui-herbal-tea-strawberry-bergamot-blend","status":"publish","type":"product","link":"https:\/\/teaphor.com\/fr\/shop\/tisane\/feng-shui-herbal-tea-strawberry-bergamot-blend\/","title":{"rendered":"Tisane Feng Shui - M\u00e9lange fraise et bergamote"},"content":{"rendered":"<p class=\"p3\">Fabriqu\u00e9 \u00e0 partir d'herbes, de p\u00e9tales et de morceaux de fruits soigneusement s\u00e9lectionn\u00e9s, les ingr\u00e9dients s'assemblent comme les \u00e9l\u00e9ments d'un agencement Feng Shui : les notes florales apportent de la l\u00e9g\u00e8ret\u00e9, les agrumes ajoutent du mouvement et une touche de douceur vient \u00e9quilibrer le m\u00e9lange. Savourez-le comme un rituel quotidien pour rafra\u00eechir vos sens et r\u00e9\u00e9quilibrer votre \u00e9nergie.<\/p>\n<p class=\"p3\"><b>\u2728 Pourquoi le Feng Shui ?<\/b><\/p>\n<p class=\"p1\">En Feng Shui, l'\u00e9quilibre est essentiel : trop de feu et les choses semblent accablantes ; trop de terre et l'\u00e9nergie stagne. Ce th\u00e9 suit le m\u00eame principe :<\/p>\n<p class=\"p4\"><b>Fruits et agrumes = mouvement (Bois et Feu)<\/b><\/p>\n<p class=\"p4\"><b>Base \u00e0 base de plantes = ancrage (Terre)<\/b><\/p>\n<p class=\"p4\"><b>Notes florales = clart\u00e9 et \u00e9l\u00e9vation (M\u00e9tal et Eau)<\/b><\/p>\n<p class=\"p4\">Une tasse con\u00e7ue non seulement pour offrir un go\u00fbt agr\u00e9able, mais aussi pour <i>sentir<\/i> \u00e9quilibr\u00e9.<\/p>\n<p class=\"p3\"><b>\ud83c\udf53 Profil aromatique<\/b><\/p>\n<p class=\"p4\">Fraise brillante<\/p>\n<p class=\"p4\">Bergamote acidul\u00e9e<\/p>\n<p class=\"p4\">Fleuri, rafra\u00eechissant, l\u00e9ger<\/p>\n<p><strong><em>L\u00e9ger \u00e0 fort<\/em><\/strong><\/p>\n<p><img decoding=\"async\" class=\"alignnone size-medium wp-image-2308\" src=\"https:\/\/teaphor.com\/wp-content\/webp-express\/webp-images\/uploads\/2025\/08\/LEVEL-3-300x66.png.webp\" alt=\"\" width=\"300\" height=\"66\" srcset=\"https:\/\/teaphor.com\/wp-content\/webp-express\/webp-images\/uploads\/2025\/08\/LEVEL-3-300x66.png.webp 300w, https:\/\/teaphor.com\/wp-content\/webp-express\/webp-images\/uploads\/2025\/08\/LEVEL-3-18x4.png.webp 18w, https:\/\/teaphor.com\/wp-content\/webp-express\/webp-images\/uploads\/2025\/08\/LEVEL-3.png.webp 400w\" sizes=\"(max-width: 300px) 100vw, 300px\" \/><\/p>\n<p><strong><em>De l'amer \/ astringent au doux \/ Umaimi\u00a0<\/em><\/strong><\/p>\n<p><img decoding=\"async\" class=\"alignnone size-medium wp-image-2307\" src=\"https:\/\/teaphor.com\/wp-content\/webp-express\/webp-images\/uploads\/2025\/08\/level-4-300x61.png.webp\" alt=\"\" width=\"300\" height=\"61\" srcset=\"https:\/\/teaphor.com\/wp-content\/webp-express\/webp-images\/uploads\/2025\/08\/level-4-300x61.png.webp 300w, https:\/\/teaphor.com\/wp-content\/webp-express\/webp-images\/uploads\/2025\/08\/level-4-18x4.png.webp 18w, https:\/\/teaphor.com\/wp-content\/webp-express\/webp-images\/uploads\/2025\/08\/level-4.png.webp 400w\" sizes=\"(max-width: 300px) 100vw, 300px\" \/><br \/>\n<em><strong>Caf\u00e9ine<\/strong><\/em><\/p>\n<p><img decoding=\"async\" class=\"alignnone size-medium wp-image-2340\" src=\"https:\/\/teaphor.com\/wp-content\/webp-express\/webp-images\/uploads\/2025\/09\/Level-1-300x67.png.webp\" alt=\"\" width=\"300\" height=\"67\" srcset=\"https:\/\/teaphor.com\/wp-content\/webp-express\/webp-images\/uploads\/2025\/09\/Level-1-300x67.png.webp 300w, https:\/\/teaphor.com\/wp-content\/webp-express\/webp-images\/uploads\/2025\/09\/Level-1-18x4.png.webp 18w, https:\/\/teaphor.com\/wp-content\/webp-express\/webp-images\/uploads\/2025\/09\/Level-1.png.webp 400w\" sizes=\"(max-width: 300px) 100vw, 300px\" \/><\/p>","protected":false},"excerpt":{"rendered":"<p class=\"p1\">Inspir\u00e9 par l'\u00e9quilibre et le flux d'\u00e9nergie c\u00e9l\u00e9br\u00e9s dans le Feng Shui, ce m\u00e9lange \u00e0 base de plantes associe des notes vibrantes de fraise \u00e0 la bergamote rafra\u00eechissante et \u00e0 des accents botaniques complexes. Chaque gorg\u00e9e est vive et stimulante, comme un bon qi qui circule dans votre tasse de th\u00e9. Id\u00e9al pour les moments o\u00f9 vous avez besoin de clart\u00e9, d'harmonie ou simplement de vous ressourcer.<\/p>","protected":false},"featured_media":3716,"comment_status":"open","ping_status":"closed","template":"","meta":{"_acf_changed":false,"_kad_blocks_custom_css":"","_kad_blocks_head_custom_js":"","_kad_blocks_body_custom_js":"","_kad_blocks_footer_custom_js":"","_kad_post_transparent":"default","_kad_post_title":"","_kad_post_layout":"default","_kad_post_sidebar_id":"","_kad_post_content_style":"default","_kad_post_vertical_padding":"default","_kad_post_feature":"","_kad_post_feature_position":"","_kad_post_header":false,"_kad_post_footer":false,"_kad_post_classname":""},"product_brand":[],"product_cat":[180],"product_tag":[108,96,71,66,69,103,104,181],"class_list":{"0":"post-3712","1":"product","2":"type-product","3":"status-publish","4":"has-post-thumbnail","6":"product_cat-tisane","7":"product_tag-afternoon-tea","8":"product_tag-autumnandwinter","9":"product_tag-fire","10":"product_tag-gaiwan","11":"product_tag-metal","12":"product_tag-morning-tea","13":"product_tag-office-tea","14":"product_tag-tisane","15":"pa_element-earth","16":"pa_element-fire","17":"pa_element-metal","18":"pa_element-wood","19":"pa_flavor-floral","20":"pa_flavor-fruity","21":"pa_intensity-medium","23":"first","24":"outofstock","25":"taxable","26":"shipping-taxable","27":"purchasable","28":"product-type-variable","29":"entry","30":"content-bg","31":"loop-entry"},"acf":[],"aioseo_notices":[],"taxonomy_info":{"product_cat":[{"value":180,"label":"Tisane"}],"product_tag":[{"value":108,"label":"Afternoon Tea"},{"value":96,"label":"Autumn"},{"value":71,"label":"Fire"},{"value":66,"label":"Gaiwan"},{"value":69,"label":"Metal"},{"value":103,"label":"Morning tea"},{"value":104,"label":"Office Tea"},{"value":181,"label":"Tisane"}],"pa_caffeine":[{"value":148,"label":"0"}],"pa_element":[{"value":154,"label":"Earth"},{"value":158,"label":"Fire"},{"value":155,"label":"Metal"},{"value":156,"label":"Wood"}],"pa_flavor":[{"value":162,"label":"Floral"},{"value":163,"label":"Fruity"}],"pa_intensity":[{"value":169,"label":"Medium"}]},"featured_image_src_large":["https:\/\/teaphor.com\/wp-content\/uploads\/2025\/11\/FENGSHUI-TEA-WEB-1024x1024.jpg",1024,1024,true],"author_info":[],"comment_info":0,"_links":{"self":[{"href":"https:\/\/teaphor.com\/fr\/wp-json\/wp\/v2\/product\/3712","targetHints":{"allow":["GET"]}}],"collection":[{"href":"https:\/\/teaphor.com\/fr\/wp-json\/wp\/v2\/product"}],"about":[{"href":"https:\/\/teaphor.com\/fr\/wp-json\/wp\/v2\/types\/product"}],"replies":[{"embeddable":true,"href":"https:\/\/teaphor.com\/fr\/wp-json\/wp\/v2\/comments?post=3712"}],"wp:featuredmedia":[{"embeddable":true,"href":"https:\/\/teaphor.com\/fr\/wp-json\/wp\/v2\/media\/3716"}],"wp:attachment":[{"href":"https:\/\/teaphor.com\/fr\/wp-json\/wp\/v2\/media?parent=3712"}],"wp:term":[{"taxonomy":"product_brand","embeddable":true,"href":"https:\/\/teaphor.com\/fr\/wp-json\/wp\/v2\/product_brand?post=3712"},{"taxonomy":"product_cat","embeddable":true,"href":"https:\/\/teaphor.com\/fr\/wp-json\/wp\/v2\/product_cat?post=3712"},{"taxonomy":"product_tag","embeddable":true,"href":"https:\/\/teaphor.com\/fr\/wp-json\/wp\/v2\/product_tag?post=3712"}],"curies":[{"name":"wp","href":"https:\/\/api.w.org\/{rel}","templated":true}]}}