{"id":3717,"date":"2025-11-22T23:06:33","date_gmt":"2025-11-22T23:06:33","guid":{"rendered":"https:\/\/teaphor.com\/?post_type=product&#038;p=3717"},"modified":"2025-11-22T23:28:47","modified_gmt":"2025-11-22T23:28:47","slug":"mango-ginger-tea","status":"publish","type":"product","link":"https:\/\/teaphor.com\/fr\/shop\/tisane\/mango-ginger-tea\/","title":{"rendered":"Tisane Gingembre Mangue - Tropicale &amp; R\u00e9chauffante"},"content":{"rendered":"<p class=\"p3\"><b>Profil aromatique<\/b><\/p>\n<p class=\"p4\">Douceur de la mangue<\/p>\n<p class=\"p4\">Chaleur chaude et piquante du gingembre<\/p>\n<p class=\"p4\">Finale rafra\u00eechissante et fruit\u00e9e<\/p>\n<p><strong><em>L\u00e9ger \u00e0 fort<\/em><\/strong><\/p>\n<p><img decoding=\"async\" class=\"alignnone size-medium wp-image-2308\" src=\"https:\/\/teaphor.com\/wp-content\/webp-express\/webp-images\/uploads\/2025\/08\/LEVEL-3-300x66.png.webp\" alt=\"\" width=\"300\" height=\"66\" srcset=\"https:\/\/teaphor.com\/wp-content\/webp-express\/webp-images\/uploads\/2025\/08\/LEVEL-3-300x66.png.webp 300w, https:\/\/teaphor.com\/wp-content\/webp-express\/webp-images\/uploads\/2025\/08\/LEVEL-3-18x4.png.webp 18w, https:\/\/teaphor.com\/wp-content\/webp-express\/webp-images\/uploads\/2025\/08\/LEVEL-3.png.webp 400w\" sizes=\"(max-width: 300px) 100vw, 300px\" \/><\/p>\n<p><strong><em>De l'amer \/ astringent au doux \/ Umaimi\u00a0<\/em><\/strong><\/p>\n<p><img decoding=\"async\" class=\"alignnone size-medium wp-image-2342\" src=\"https:\/\/teaphor.com\/wp-content\/webp-express\/webp-images\/uploads\/2025\/09\/Level-5-300x50.png.webp\" alt=\"\" width=\"300\" height=\"50\" srcset=\"https:\/\/teaphor.com\/wp-content\/webp-express\/webp-images\/uploads\/2025\/09\/Level-5-300x50.png.webp 300w, https:\/\/teaphor.com\/wp-content\/webp-express\/webp-images\/uploads\/2025\/09\/Level-5-18x3.png.webp 18w, https:\/\/teaphor.com\/wp-content\/webp-express\/webp-images\/uploads\/2025\/09\/Level-5.png.webp 400w\" sizes=\"(max-width: 300px) 100vw, 300px\" \/><br \/>\n<em><strong>Caf\u00e9ine<\/strong><\/em><\/p>\n<p><img decoding=\"async\" class=\"alignnone size-medium wp-image-2340\" src=\"https:\/\/teaphor.com\/wp-content\/webp-express\/webp-images\/uploads\/2025\/09\/Level-1-300x67.png.webp\" alt=\"\" width=\"300\" height=\"67\" srcset=\"https:\/\/teaphor.com\/wp-content\/webp-express\/webp-images\/uploads\/2025\/09\/Level-1-300x67.png.webp 300w, https:\/\/teaphor.com\/wp-content\/webp-express\/webp-images\/uploads\/2025\/09\/Level-1-18x4.png.webp 18w, https:\/\/teaphor.com\/wp-content\/webp-express\/webp-images\/uploads\/2025\/09\/Level-1.png.webp 400w\" sizes=\"(max-width: 300px) 100vw, 300px\" \/><\/p>","protected":false},"excerpt":{"rendered":"<p class=\"p1\">Un m\u00e9lange vibrant qui apporte soleil et \u00e9pices dans une seule tasse. Les notes fra\u00eeches et juteuses de mangue apportent une douceur tropicale \u00e9clatante, tandis que le gingembre r\u00e9chauffant ajoute une touche piquante qui \u00e9veille les sens. L\u00e9ger, rafra\u00eechissant et r\u00e9confortant \u00e0 la fois, il est parfait pour les jours o\u00f9 vous avez besoin d'\u00e9nergie sans caf\u00e9ine.<\/p>\n<p class=\"p1\">","protected":false},"featured_media":3721,"comment_status":"open","ping_status":"closed","template":"","meta":{"_acf_changed":false,"_kad_blocks_custom_css":"","_kad_blocks_head_custom_js":"","_kad_blocks_body_custom_js":"","_kad_blocks_footer_custom_js":"","_kad_post_transparent":"default","_kad_post_title":"","_kad_post_layout":"default","_kad_post_sidebar_id":"","_kad_post_content_style":"default","_kad_post_vertical_padding":"default","_kad_post_feature":"","_kad_post_feature_position":"","_kad_post_header":false,"_kad_post_footer":false,"_kad_post_classname":""},"product_brand":[],"product_cat":[180],"product_tag":[108,96,72,71,103,104,98,94,181],"class_list":{"0":"post-3717","1":"product","2":"type-product","3":"status-publish","4":"has-post-thumbnail","6":"product_cat-tisane","7":"product_tag-afternoon-tea","8":"product_tag-autumnandwinter","9":"product_tag-earth","10":"product_tag-fire","11":"product_tag-morning-tea","12":"product_tag-office-tea","13":"product_tag-smooth","14":"product_tag-sweet","15":"product_tag-tisane","16":"pa_element-earth","17":"pa_element-fire","18":"pa_flavor-fruity","19":"pa_intensity-medium","21":"first","22":"outofstock","23":"taxable","24":"shipping-taxable","25":"purchasable","26":"product-type-variable","27":"entry","28":"content-bg","29":"loop-entry"},"acf":[],"aioseo_notices":[],"taxonomy_info":{"product_cat":[{"value":180,"label":"Tisane"}],"product_tag":[{"value":108,"label":"Afternoon Tea"},{"value":96,"label":"Autumn"},{"value":72,"label":"Earth"},{"value":71,"label":"Fire"},{"value":103,"label":"Morning tea"},{"value":104,"label":"Office Tea"},{"value":98,"label":"Smooth"},{"value":94,"label":"Sweet"},{"value":181,"label":"Tisane"}],"pa_caffeine":[{"value":148,"label":"0"}],"pa_element":[{"value":154,"label":"Earth"},{"value":158,"label":"Fire"}],"pa_flavor":[{"value":163,"label":"Fruity"}],"pa_intensity":[{"value":169,"label":"Medium"}]},"featured_image_src_large":["https:\/\/teaphor.com\/wp-content\/uploads\/2025\/11\/Gingermangoteaweb.jpg",800,800,false],"author_info":[],"comment_info":0,"_links":{"self":[{"href":"https:\/\/teaphor.com\/fr\/wp-json\/wp\/v2\/product\/3717","targetHints":{"allow":["GET"]}}],"collection":[{"href":"https:\/\/teaphor.com\/fr\/wp-json\/wp\/v2\/product"}],"about":[{"href":"https:\/\/teaphor.com\/fr\/wp-json\/wp\/v2\/types\/product"}],"replies":[{"embeddable":true,"href":"https:\/\/teaphor.com\/fr\/wp-json\/wp\/v2\/comments?post=3717"}],"wp:featuredmedia":[{"embeddable":true,"href":"https:\/\/teaphor.com\/fr\/wp-json\/wp\/v2\/media\/3721"}],"wp:attachment":[{"href":"https:\/\/teaphor.com\/fr\/wp-json\/wp\/v2\/media?parent=3717"}],"wp:term":[{"taxonomy":"product_brand","embeddable":true,"href":"https:\/\/teaphor.com\/fr\/wp-json\/wp\/v2\/product_brand?post=3717"},{"taxonomy":"product_cat","embeddable":true,"href":"https:\/\/teaphor.com\/fr\/wp-json\/wp\/v2\/product_cat?post=3717"},{"taxonomy":"product_tag","embeddable":true,"href":"https:\/\/teaphor.com\/fr\/wp-json\/wp\/v2\/product_tag?post=3717"}],"curies":[{"name":"wp","href":"https:\/\/api.w.org\/{rel}","templated":true}]}}