{"id":3945,"date":"2025-12-07T16:03:43","date_gmt":"2025-12-07T16:03:43","guid":{"rendered":"https:\/\/teaphor.com\/?post_type=product&#038;p=3945"},"modified":"2025-12-08T22:31:07","modified_gmt":"2025-12-08T22:31:07","slug":"green-discovery-trio-2","status":"publish","type":"product","link":"https:\/\/teaphor.com\/fr\/shop\/tea-tasting-sets\/tea-tasting-pack\/green-discovery-trio-2\/","title":{"rendered":"Trio D\u00e9couverte de Th\u00e9s Verts"},"content":{"rendered":"","protected":false},"excerpt":{"rendered":"<p>Une introduction rafra\u00eechissante aux th\u00e9s verts chinois embl\u00e9matiques.<\/p>\n<p>Ce coffret vous permet de d\u00e9couvrir le Longjing r\u00e9colt\u00e9 \u00e0 diff\u00e9rentes \u00e9poques, ainsi que diverses vari\u00e9t\u00e9s classiques de th\u00e9 vert.<\/p>\n<p>Elle comprend :<\/p>\n<p><a href=\"https:\/\/teaphor.com\/fr\/shop\/green-tea\/long-jing-dragon-well\/\">Long Jing Premium\u00a0<img decoding=\"async\" class=\"emoji\" role=\"img\" draggable=\"false\" src=\"https:\/\/s.w.org\/images\/core\/emoji\/16.0.1\/svg\/1f33f.svg\" alt=\"\ud83c\udf3f\" \/> - Th\u00e9 vert r\u00e9colte manuelle mi-fin printemps<\/a> \u2013 1 sachet (50 g)<\/p>\n<p class=\"product_title entry-title\"><a href=\"https:\/\/teaphor.com\/fr\/shop\/green-tea\/premium-longjing-%f0%9f%8c%bf-early-spring-handpicked-havest-green-tea\/\">Prime Long Jing\u00a0<img decoding=\"async\" class=\"emoji\" role=\"img\" draggable=\"false\" src=\"https:\/\/s.w.org\/images\/core\/emoji\/16.0.1\/svg\/1f33f.svg\" alt=\"\ud83c\udf3f\" \/> - Th\u00e9 vert r\u00e9colt\u00e9 \u00e0 la main au d\u00e9but du printemps<\/a> \u2013 1 sachet (50 g)<\/p>\n<p><a href=\"https:\/\/teaphor.com\/fr\/shop\/green-tea\/maofeng-huang-shan\/\">Maofeng - Huang Shan<\/a> \u2013 1 sachet (50 g)<\/p>\n<p class=\"p4\">Pour le guide de pr\u00e9paration, veuillez consulter le guide sur la page de chaque produit.<\/p>","protected":false},"featured_media":3946,"comment_status":"open","ping_status":"closed","template":"","meta":{"_acf_changed":false,"_kad_blocks_custom_css":"","_kad_blocks_head_custom_js":"","_kad_blocks_body_custom_js":"","_kad_blocks_footer_custom_js":"","_kad_post_transparent":"default","_kad_post_title":"","_kad_post_layout":"default","_kad_post_sidebar_id":"","_kad_post_content_style":"default","_kad_post_vertical_padding":"default","_kad_post_feature":"","_kad_post_feature_position":"","_kad_post_header":false,"_kad_post_footer":false,"_kad_post_classname":""},"product_brand":[],"product_cat":[57,17,145],"product_tag":[],"class_list":{"0":"post-3945","1":"product","2":"type-product","3":"status-publish","4":"has-post-thumbnail","6":"product_cat-gifts","7":"product_cat-green-tea","8":"product_cat-tea-tasting-pack","10":"first","11":"instock","12":"sale","13":"taxable","14":"shipping-taxable","15":"purchasable","16":"product-type-simple","17":"entry","18":"content-bg","19":"loop-entry"},"acf":[],"aioseo_notices":[],"taxonomy_info":{"product_cat":[{"value":57,"label":"Gifts"},{"value":17,"label":"Green Teas"},{"value":145,"label":"Tea Tasting Pack"}]},"featured_image_src_large":["https:\/\/teaphor.com\/wp-content\/uploads\/2025\/12\/3greenpacks.jpg",1024,1024,false],"author_info":[],"comment_info":0,"_links":{"self":[{"href":"https:\/\/teaphor.com\/fr\/wp-json\/wp\/v2\/product\/3945","targetHints":{"allow":["GET"]}}],"collection":[{"href":"https:\/\/teaphor.com\/fr\/wp-json\/wp\/v2\/product"}],"about":[{"href":"https:\/\/teaphor.com\/fr\/wp-json\/wp\/v2\/types\/product"}],"replies":[{"embeddable":true,"href":"https:\/\/teaphor.com\/fr\/wp-json\/wp\/v2\/comments?post=3945"}],"wp:featuredmedia":[{"embeddable":true,"href":"https:\/\/teaphor.com\/fr\/wp-json\/wp\/v2\/media\/3946"}],"wp:attachment":[{"href":"https:\/\/teaphor.com\/fr\/wp-json\/wp\/v2\/media?parent=3945"}],"wp:term":[{"taxonomy":"product_brand","embeddable":true,"href":"https:\/\/teaphor.com\/fr\/wp-json\/wp\/v2\/product_brand?post=3945"},{"taxonomy":"product_cat","embeddable":true,"href":"https:\/\/teaphor.com\/fr\/wp-json\/wp\/v2\/product_cat?post=3945"},{"taxonomy":"product_tag","embeddable":true,"href":"https:\/\/teaphor.com\/fr\/wp-json\/wp\/v2\/product_tag?post=3945"}],"curies":[{"name":"wp","href":"https:\/\/api.w.org\/{rel}","templated":true}]}}