{"id":3947,"date":"2025-12-07T16:20:12","date_gmt":"2025-12-07T16:20:12","guid":{"rendered":"https:\/\/teaphor.com\/?post_type=product&#038;p=3947"},"modified":"2025-12-08T22:28:35","modified_gmt":"2025-12-08T22:28:35","slug":"oolong-discovery-big","status":"publish","type":"product","link":"https:\/\/teaphor.com\/fr\/shop\/tea-tasting-sets\/tea-tasting-pack\/oolong-discovery-big\/","title":{"rendered":"D\u00e9couverte du Oolong"},"content":{"rendered":"","protected":false},"excerpt":{"rendered":"<p>Une d\u00e9gustation contrast\u00e9e de deux th\u00e9s oolong embl\u00e9matiques - un oolong cr\u00e9meux et floral l\u00e9g\u00e8rement torr\u00e9fi\u00e9 et un oolong Wuyi rock moyennement torr\u00e9fi\u00e9.<\/p>\n<p>Elle comprend :<\/p>\n<p class=\"product_title entry-title\"><a href=\"https:\/\/teaphor.com\/fr\/shop\/oolong-tea\/dahongpao\/\">Da Hong Pao - R\u00f4ti moyen<\/a> \u2013 1 sachet (50 g)<\/p>\n<p class=\"product_title entry-title\"><a href=\"https:\/\/teaphor.com\/fr\/shop\/oolong-tea\/taiwan-high-mountain-oolong-tea-creamy-and-floral\/\">Oolong de qualit\u00e9 sup\u00e9rieure de Taiwan High Mountain - Cr\u00e9meux et floral - Torr\u00e9faction l\u00e9g\u00e8re<\/a> \u2013 1 sachet (50 g)<\/p>\n<p>Pour le guide de pr\u00e9paration, veuillez consulter le guide sur la page de chaque produit.<\/p>\n<p class=\"p4\">","protected":false},"featured_media":3948,"comment_status":"open","ping_status":"closed","template":"","meta":{"_acf_changed":false,"_kad_blocks_custom_css":"","_kad_blocks_head_custom_js":"","_kad_blocks_body_custom_js":"","_kad_blocks_footer_custom_js":"","_kad_post_transparent":"default","_kad_post_title":"","_kad_post_layout":"default","_kad_post_sidebar_id":"","_kad_post_content_style":"default","_kad_post_vertical_padding":"default","_kad_post_feature":"","_kad_post_feature_position":"","_kad_post_header":false,"_kad_post_footer":false,"_kad_post_classname":""},"product_brand":[],"product_cat":[57,54,145],"product_tag":[],"class_list":{"0":"post-3947","1":"product","2":"type-product","3":"status-publish","4":"has-post-thumbnail","6":"product_cat-gifts","7":"product_cat-oolong-tea","8":"product_cat-tea-tasting-pack","10":"first","11":"instock","12":"sale","13":"taxable","14":"shipping-taxable","15":"purchasable","16":"product-type-simple","17":"entry","18":"content-bg","19":"loop-entry"},"acf":[],"aioseo_notices":[],"taxonomy_info":{"product_cat":[{"value":57,"label":"Gifts"},{"value":54,"label":"Oolong Teas"},{"value":145,"label":"Tea Tasting Pack"}]},"featured_image_src_large":["https:\/\/teaphor.com\/wp-content\/uploads\/2025\/12\/yellowandredpacks.jpg",1024,1024,false],"author_info":[],"comment_info":0,"_links":{"self":[{"href":"https:\/\/teaphor.com\/fr\/wp-json\/wp\/v2\/product\/3947","targetHints":{"allow":["GET"]}}],"collection":[{"href":"https:\/\/teaphor.com\/fr\/wp-json\/wp\/v2\/product"}],"about":[{"href":"https:\/\/teaphor.com\/fr\/wp-json\/wp\/v2\/types\/product"}],"replies":[{"embeddable":true,"href":"https:\/\/teaphor.com\/fr\/wp-json\/wp\/v2\/comments?post=3947"}],"wp:featuredmedia":[{"embeddable":true,"href":"https:\/\/teaphor.com\/fr\/wp-json\/wp\/v2\/media\/3948"}],"wp:attachment":[{"href":"https:\/\/teaphor.com\/fr\/wp-json\/wp\/v2\/media?parent=3947"}],"wp:term":[{"taxonomy":"product_brand","embeddable":true,"href":"https:\/\/teaphor.com\/fr\/wp-json\/wp\/v2\/product_brand?post=3947"},{"taxonomy":"product_cat","embeddable":true,"href":"https:\/\/teaphor.com\/fr\/wp-json\/wp\/v2\/product_cat?post=3947"},{"taxonomy":"product_tag","embeddable":true,"href":"https:\/\/teaphor.com\/fr\/wp-json\/wp\/v2\/product_tag?post=3947"}],"curies":[{"name":"wp","href":"https:\/\/api.w.org\/{rel}","templated":true}]}}