{"id":3949,"date":"2025-12-07T16:40:42","date_gmt":"2025-12-07T16:40:42","guid":{"rendered":"https:\/\/teaphor.com\/?post_type=product&#038;p=3949"},"modified":"2025-12-14T00:16:51","modified_gmt":"2025-12-14T00:16:51","slug":"three-mountains-teas-selection","status":"publish","type":"product","link":"https:\/\/teaphor.com\/fr\/shop\/tea-tasting-sets\/tea-tasting-pack\/three-mountains-teas-selection\/","title":{"rendered":"S\u00e9lection de Trois Terroirs de Th\u00e9"},"content":{"rendered":"","protected":false},"excerpt":{"rendered":"<p>Ce coffret est un voyage \u00e0 travers trois th\u00e9s.<br data-start=\"177\" data-end=\"180\" \/>Des collines tranquilles aux hautes montagnes,<br data-start=\"215\" data-end=\"218\" \/>de l'oxydation l\u00e9g\u00e8re \u00e0 l'oxydation profonde,<br data-start=\"247\" data-end=\"250\" \/>des notes florales et de haricot douces \u00e0 la richesse chaleureuse du th\u00e9 noir.<br data-start=\"316\" data-end=\"319\" \/>Un ensemble qui vous permet d'explorer le th\u00e9 sous toutes ses formes.<\/p>\n<p>Elle comprend :<\/p>\n<p><a href=\"https:\/\/teaphor.com\/fr\/shop\/green-tea\/long-jing-dragon-well\/\">Long Jing Premium\u00a0<img decoding=\"async\" class=\"emoji\" role=\"img\" draggable=\"false\" src=\"https:\/\/s.w.org\/images\/core\/emoji\/16.0.1\/svg\/1f33f.svg\" alt=\"\ud83c\udf3f\" \/> - Th\u00e9 vert r\u00e9colte manuelle mi-fin printemps<\/a> \u2013 1 sachet (50 g)<\/p>\n<p><a href=\"https:\/\/teaphor.com\/fr\/shop\/black-tea\/goldenbudblacktea\/\">Th\u00e9 noir Golden Bud<\/a> \u2013 1 sachet (50 g)<\/p>\n<p class=\"product_title entry-title\"><a href=\"https:\/\/teaphor.com\/fr\/shop\/oolong-tea\/taiwan-high-mountain-oolong-tea-creamy-and-floral\/\">Oolong de qualit\u00e9 sup\u00e9rieure de Taiwan High Mountain - Cr\u00e9meux et floral - Torr\u00e9faction l\u00e9g\u00e8re <\/a>\u2013 1 sachet (20 g)<\/p>\n<p>Pour le guide de pr\u00e9paration, veuillez consulter le guide sur la page de chaque produit.<\/p>","protected":false},"featured_media":3957,"comment_status":"open","ping_status":"closed","template":"","meta":{"_acf_changed":false,"_kad_blocks_custom_css":"","_kad_blocks_head_custom_js":"","_kad_blocks_body_custom_js":"","_kad_blocks_footer_custom_js":"","_kad_post_transparent":"default","_kad_post_title":"","_kad_post_layout":"default","_kad_post_sidebar_id":"","_kad_post_content_style":"default","_kad_post_vertical_padding":"default","_kad_post_feature":"","_kad_post_feature_position":"","_kad_post_header":false,"_kad_post_footer":false,"_kad_post_classname":""},"product_brand":[],"product_cat":[18,57,17,54,145],"product_tag":[],"class_list":{"0":"post-3949","1":"product","2":"type-product","3":"status-publish","4":"has-post-thumbnail","6":"product_cat-black-tea","7":"product_cat-gifts","8":"product_cat-green-tea","9":"product_cat-oolong-tea","10":"product_cat-tea-tasting-pack","12":"first","13":"instock","14":"sale","15":"taxable","16":"shipping-taxable","17":"purchasable","18":"product-type-simple","19":"entry","20":"content-bg","21":"loop-entry"},"acf":[],"aioseo_notices":[],"taxonomy_info":{"product_cat":[{"value":18,"label":"Black \/ Red Teas"},{"value":57,"label":"Gifts"},{"value":17,"label":"Green Teas"},{"value":54,"label":"Oolong Teas"},{"value":145,"label":"Tea Tasting Pack"}]},"featured_image_src_large":["https:\/\/teaphor.com\/wp-content\/uploads\/2025\/12\/3colors-packs.jpg",1024,1024,false],"author_info":[],"comment_info":0,"_links":{"self":[{"href":"https:\/\/teaphor.com\/fr\/wp-json\/wp\/v2\/product\/3949","targetHints":{"allow":["GET"]}}],"collection":[{"href":"https:\/\/teaphor.com\/fr\/wp-json\/wp\/v2\/product"}],"about":[{"href":"https:\/\/teaphor.com\/fr\/wp-json\/wp\/v2\/types\/product"}],"replies":[{"embeddable":true,"href":"https:\/\/teaphor.com\/fr\/wp-json\/wp\/v2\/comments?post=3949"}],"wp:featuredmedia":[{"embeddable":true,"href":"https:\/\/teaphor.com\/fr\/wp-json\/wp\/v2\/media\/3957"}],"wp:attachment":[{"href":"https:\/\/teaphor.com\/fr\/wp-json\/wp\/v2\/media?parent=3949"}],"wp:term":[{"taxonomy":"product_brand","embeddable":true,"href":"https:\/\/teaphor.com\/fr\/wp-json\/wp\/v2\/product_brand?post=3949"},{"taxonomy":"product_cat","embeddable":true,"href":"https:\/\/teaphor.com\/fr\/wp-json\/wp\/v2\/product_cat?post=3949"},{"taxonomy":"product_tag","embeddable":true,"href":"https:\/\/teaphor.com\/fr\/wp-json\/wp\/v2\/product_tag?post=3949"}],"curies":[{"name":"wp","href":"https:\/\/api.w.org\/{rel}","templated":true}]}}