{"id":3950,"date":"2025-12-07T20:01:08","date_gmt":"2025-12-07T20:01:08","guid":{"rendered":"https:\/\/teaphor.com\/?post_type=product&#038;p=3950"},"modified":"2025-12-08T22:24:20","modified_gmt":"2025-12-08T22:24:20","slug":"chinese-tea-essentials-set-big","status":"publish","type":"product","link":"https:\/\/teaphor.com\/fr\/shop\/tea-tasting-sets\/tea-tasting-pack\/chinese-tea-essentials-set-big\/","title":{"rendered":"Set de base pour le th\u00e9 chinois"},"content":{"rendered":"","protected":false},"excerpt":{"rendered":"<p>Une s\u00e9lection \u00e9quilibr\u00e9e de th\u00e9s verts, blancs, Pu-erh et noirs, permettant d\u2019explorer les saveurs caract\u00e9ristiques de la Chine.<\/p>\n<p>Elle comprend :<\/p>\n<p><a href=\"https:\/\/teaphor.com\/fr\/shop\/green-tea\/long-jing-dragon-well\/\">Long Jing Premium\u00a0<img decoding=\"async\" class=\"emoji\" role=\"img\" draggable=\"false\" src=\"https:\/\/s.w.org\/images\/core\/emoji\/16.0.1\/svg\/1f33f.svg\" alt=\"\ud83c\udf3f\" \/> - Th\u00e9 vert r\u00e9colte manuelle mi-fin printemps<\/a> \u2013 1 sachet (50 g)<\/p>\n<p class=\"product_title entry-title\"><a href=\"https:\/\/teaphor.com\/fr\/shop\/black-tea\/goldenbudblacktea\/\">Th\u00e9 noir Golden Bud<\/a> \u2013 1 sachet (50 g)<\/p>\n<p><a href=\"https:\/\/teaphor.com\/fr\/shop\/oolong-tea\/dahongpao\/\">Da Hong Pao<\/a> \u2013 1 sachet (50 g)<\/p>\n<p class=\"product_title entry-title\"><a href=\"https:\/\/teaphor.com\/fr\/shop\/white-tea\/white-poney-bai-mudan\/\">White Poney \/ Bai Mudan<\/a> \u2013 1 sachet (50 g)<\/p>\n<p class=\"product_title entry-title\"><a href=\"https:\/\/teaphor.com\/fr\/shop\/pu-erh-teas\/2018-ripe-pu-erh\/\">Pu-erh ferment\u00e9 2018, arbres anciens \u2013 Dragon Ball<\/a> - 1 boule (8 g)<\/p>\n<p>Pour le guide de pr\u00e9paration, veuillez consulter le guide sur la page de chaque produit.<\/p>","protected":false},"featured_media":3951,"comment_status":"open","ping_status":"closed","template":"","meta":{"_acf_changed":false,"_kad_blocks_custom_css":"","_kad_blocks_head_custom_js":"","_kad_blocks_body_custom_js":"","_kad_blocks_footer_custom_js":"","_kad_post_transparent":"default","_kad_post_title":"","_kad_post_layout":"default","_kad_post_sidebar_id":"","_kad_post_content_style":"default","_kad_post_vertical_padding":"default","_kad_post_feature":"","_kad_post_feature_position":"","_kad_post_header":false,"_kad_post_footer":false,"_kad_post_classname":""},"product_brand":[],"product_cat":[18,57,17,54,43,145,44],"product_tag":[],"class_list":{"0":"post-3950","1":"product","2":"type-product","3":"status-publish","4":"has-post-thumbnail","6":"product_cat-black-tea","7":"product_cat-gifts","8":"product_cat-green-tea","9":"product_cat-oolong-tea","10":"product_cat-pu-erh-teas","11":"product_cat-tea-tasting-pack","12":"product_cat-white-tea","14":"first","15":"instock","16":"sale","17":"taxable","18":"shipping-taxable","19":"purchasable","20":"product-type-simple","21":"entry","22":"content-bg","23":"loop-entry"},"acf":[],"aioseo_notices":[],"taxonomy_info":{"product_cat":[{"value":18,"label":"Black \/ Red Teas"},{"value":57,"label":"Gifts"},{"value":17,"label":"Green Teas"},{"value":54,"label":"Oolong Teas"},{"value":43,"label":"Pu-Erh"},{"value":145,"label":"Tea Tasting Pack"},{"value":44,"label":"White Teas"}]},"featured_image_src_large":["https:\/\/teaphor.com\/wp-content\/uploads\/2025\/12\/Chinese-Tea-Essentials-Set-.jpg",1024,1024,false],"author_info":[],"comment_info":0,"_links":{"self":[{"href":"https:\/\/teaphor.com\/fr\/wp-json\/wp\/v2\/product\/3950","targetHints":{"allow":["GET"]}}],"collection":[{"href":"https:\/\/teaphor.com\/fr\/wp-json\/wp\/v2\/product"}],"about":[{"href":"https:\/\/teaphor.com\/fr\/wp-json\/wp\/v2\/types\/product"}],"replies":[{"embeddable":true,"href":"https:\/\/teaphor.com\/fr\/wp-json\/wp\/v2\/comments?post=3950"}],"wp:featuredmedia":[{"embeddable":true,"href":"https:\/\/teaphor.com\/fr\/wp-json\/wp\/v2\/media\/3951"}],"wp:attachment":[{"href":"https:\/\/teaphor.com\/fr\/wp-json\/wp\/v2\/media?parent=3950"}],"wp:term":[{"taxonomy":"product_brand","embeddable":true,"href":"https:\/\/teaphor.com\/fr\/wp-json\/wp\/v2\/product_brand?post=3950"},{"taxonomy":"product_cat","embeddable":true,"href":"https:\/\/teaphor.com\/fr\/wp-json\/wp\/v2\/product_cat?post=3950"},{"taxonomy":"product_tag","embeddable":true,"href":"https:\/\/teaphor.com\/fr\/wp-json\/wp\/v2\/product_tag?post=3950"}],"curies":[{"name":"wp","href":"https:\/\/api.w.org\/{rel}","templated":true}]}}