{"id":4107,"date":"2026-01-04T23:08:01","date_gmt":"2026-01-04T23:08:01","guid":{"rendered":"https:\/\/teaphor.com\/?post_type=product&#038;p=4107"},"modified":"2026-01-04T23:46:07","modified_gmt":"2026-01-04T23:46:07","slug":"smart-flip-over-insulated-tea-infuser-white","status":"publish","type":"product","link":"https:\/\/teaphor.com\/fr\/shop\/tea-tasting-sets\/teaware\/smart-flip-over-insulated-tea-infuser-white\/","title":{"rendered":"Bouteille \u00e0 th\u00e9 isotherme avec infuseur int\u00e9gr\u00e9"},"content":{"rendered":"<p class=\"p3\">Il est dot\u00e9 d'une doublure int\u00e9rieure en c\u00e9ramique, d'un corps ext\u00e9rieur en acier inoxydable et d'une couche d'isolation sous vide.<\/p>\n<p class=\"p1\">Le couvercle et la chambre sup\u00e9rieure sont fabriqu\u00e9s en Tritan sans BPA, un mat\u00e9riau stable, r\u00e9sistant aux changements de temp\u00e9rature, qui ne se fissure pas et ne se brise pas facilement, et qui ne lib\u00e8re pas de microplastiques dans des conditions normales d'utilisation.<\/p>","protected":false},"excerpt":{"rendered":"<p class=\"p1\">Bouteille \u00e0 th\u00e9 isotherme avec infuseur int\u00e9gr\u00e9. Pr\u00e9parez votre th\u00e9 en retournant la bouteille, puis remettez-la \u00e0 l'endroit pour s\u00e9parer les feuilles.<\/p>\n<p>Vous est-il d\u00e9j\u00e0 arriv\u00e9 de pr\u00e9parer du th\u00e9, d'\u00eatre occup\u00e9, et quand vous vous \u00eates enfin souvenu de le boire, il \u00e9tait d\u00e9j\u00e0 froid ? Cette bouteille est con\u00e7ue pour vous aider \u00e0 \u00e9viter cela, elle garde tr\u00e8s bien votre th\u00e9 au chaud.<br \/>\nRegardez la vid\u00e9o ici pour voir comment l'utiliser : <a href=\"https:\/\/youtube.com\/shorts\/lj-dhahY5wY?si=sOjJ88SOKUora2te\">TEAPHOR YouTube<\/a><\/p>","protected":false},"featured_media":4110,"comment_status":"open","ping_status":"closed","template":"","meta":{"_acf_changed":false,"_kad_blocks_custom_css":"","_kad_blocks_head_custom_js":"","_kad_blocks_body_custom_js":"","_kad_blocks_footer_custom_js":"","_kad_post_transparent":"default","_kad_post_title":"","_kad_post_layout":"default","_kad_post_sidebar_id":"","_kad_post_content_style":"default","_kad_post_vertical_padding":"default","_kad_post_feature":"","_kad_post_feature_position":"","_kad_post_header":false,"_kad_post_footer":false,"_kad_post_classname":""},"product_brand":[],"product_cat":[57,144],"product_tag":[],"class_list":{"0":"post-4107","1":"product","2":"type-product","3":"status-publish","4":"has-post-thumbnail","6":"product_cat-gifts","7":"product_cat-teaware","9":"first","10":"instock","11":"sale","12":"taxable","13":"shipping-taxable","14":"purchasable","15":"product-type-simple","16":"entry","17":"content-bg","18":"loop-entry"},"acf":[],"aioseo_notices":[],"taxonomy_info":{"product_cat":[{"value":57,"label":"Gifts"},{"value":144,"label":"Teaware"}]},"featured_image_src_large":["https:\/\/teaphor.com\/wp-content\/uploads\/2026\/01\/Smart-Flip-Over-Insulated-tea-Infuser-white2.jpg",800,800,false],"author_info":[],"comment_info":0,"_links":{"self":[{"href":"https:\/\/teaphor.com\/fr\/wp-json\/wp\/v2\/product\/4107","targetHints":{"allow":["GET"]}}],"collection":[{"href":"https:\/\/teaphor.com\/fr\/wp-json\/wp\/v2\/product"}],"about":[{"href":"https:\/\/teaphor.com\/fr\/wp-json\/wp\/v2\/types\/product"}],"replies":[{"embeddable":true,"href":"https:\/\/teaphor.com\/fr\/wp-json\/wp\/v2\/comments?post=4107"}],"wp:featuredmedia":[{"embeddable":true,"href":"https:\/\/teaphor.com\/fr\/wp-json\/wp\/v2\/media\/4110"}],"wp:attachment":[{"href":"https:\/\/teaphor.com\/fr\/wp-json\/wp\/v2\/media?parent=4107"}],"wp:term":[{"taxonomy":"product_brand","embeddable":true,"href":"https:\/\/teaphor.com\/fr\/wp-json\/wp\/v2\/product_brand?post=4107"},{"taxonomy":"product_cat","embeddable":true,"href":"https:\/\/teaphor.com\/fr\/wp-json\/wp\/v2\/product_cat?post=4107"},{"taxonomy":"product_tag","embeddable":true,"href":"https:\/\/teaphor.com\/fr\/wp-json\/wp\/v2\/product_tag?post=4107"}],"curies":[{"name":"wp","href":"https:\/\/api.w.org\/{rel}","templated":true}]}}