{"id":73,"date":"2025-08-11T19:02:24","date_gmt":"2025-08-11T19:02:24","guid":{"rendered":"https:\/\/teaphor.com\/product\/wooden-greenery\/"},"modified":"2025-11-22T23:20:22","modified_gmt":"2025-11-22T23:20:22","slug":"goldenbudblacktea","status":"publish","type":"product","link":"https:\/\/teaphor.com\/fr\/shop\/black-tea\/goldenbudblacktea\/","title":{"rendered":"Th\u00e9 noir Golden Bud"},"content":{"rendered":"<p class=\"p1\"><span class=\"s1\">Golden Bud est connu pour sa signature <\/span><span class=\"s2\">douceur moelleuse<\/span><span class=\"s1\">. Les feuilles s\u00e8ches sont fonc\u00e9es et brillantes, avec une abondance de <\/span><span class=\"s2\">conseils en or<\/span><span class=\"s1\">, la liqueur infus\u00e9e est brillante, <\/span><span class=\"s2\">ambre-rouge<\/span><span class=\"s1\"> couleur. <\/span><\/p>\n<p class=\"p1\"><span class=\"s1\">Son ar\u00f4me se distingue par <\/span><span class=\"s2\">des notes malt\u00e9es et miell\u00e9es<\/span><span class=\"s1\">. Le th\u00e9 est exceptionnellement <\/span><span class=\"s2\">lisse<\/span><span class=\"s1\"> et a <\/span><span class=\"s2\">n'a pas d'amertume ou d'astringence (s'il n'est pas trop infus\u00e9)<\/span><span class=\"s1\">. <\/span><\/p>\n<p class=\"p1\"><span class=\"s1\">Apr\u00e8s l\u2019avoir d\u00e9gust\u00e9, <\/span><span class=\"s2\">une douce saveur persiste en bouche,<\/span><span class=\"s1\"> offrant une exp\u00e9rience de th\u00e9 \u00e0 la fois d\u00e9licate et agr\u00e9able.<\/span><\/p>\n<p>Le go\u00fbt rappelle celui des patates douces fra\u00eechement sorties du four, avec une douceur caram\u00e9lis\u00e9e et miell\u00e9e s\u2019\u00e9chappant de la peau \u2014 imm\u00e9diatement r\u00e9confortant et chaleureusement apaisant.<\/p>\n<p><strong><em>L\u00e9ger \u00e0 fort<\/em><\/strong><\/p>\n<p><img decoding=\"async\" class=\"alignnone size-medium wp-image-2308\" src=\"https:\/\/teaphor.com\/wp-content\/webp-express\/webp-images\/uploads\/2025\/08\/LEVEL-3-300x66.png.webp\" alt=\"\" width=\"300\" height=\"66\" srcset=\"https:\/\/teaphor.com\/wp-content\/webp-express\/webp-images\/uploads\/2025\/08\/LEVEL-3-300x66.png.webp 300w, https:\/\/teaphor.com\/wp-content\/webp-express\/webp-images\/uploads\/2025\/08\/LEVEL-3-18x4.png.webp 18w, https:\/\/teaphor.com\/wp-content\/webp-express\/webp-images\/uploads\/2025\/08\/LEVEL-3.png.webp 400w\" sizes=\"(max-width: 300px) 100vw, 300px\" \/><\/p>\n<p><strong><em>De l'amer \/ astringent au doux \/ Umaimi\u00a0<\/em><\/strong><\/p>\n<p><img decoding=\"async\" class=\"alignnone size-medium wp-image-2307\" src=\"https:\/\/teaphor.com\/wp-content\/webp-express\/webp-images\/uploads\/2025\/08\/level-4-300x61.png.webp\" alt=\"\" width=\"300\" height=\"61\" srcset=\"https:\/\/teaphor.com\/wp-content\/webp-express\/webp-images\/uploads\/2025\/08\/level-4-300x61.png.webp 300w, https:\/\/teaphor.com\/wp-content\/webp-express\/webp-images\/uploads\/2025\/08\/level-4-18x4.png.webp 18w, https:\/\/teaphor.com\/wp-content\/webp-express\/webp-images\/uploads\/2025\/08\/level-4.png.webp 400w\" sizes=\"(max-width: 300px) 100vw, 300px\" \/><\/p>\n<p><em><strong>Caf\u00e9ine<\/strong><\/em><\/p>\n<p><img decoding=\"async\" class=\"alignnone size-medium wp-image-2307\" src=\"https:\/\/teaphor.com\/wp-content\/webp-express\/webp-images\/uploads\/2025\/08\/level-4-300x61.png.webp\" alt=\"\" width=\"300\" height=\"61\" srcset=\"https:\/\/teaphor.com\/wp-content\/webp-express\/webp-images\/uploads\/2025\/08\/level-4-300x61.png.webp 300w, https:\/\/teaphor.com\/wp-content\/webp-express\/webp-images\/uploads\/2025\/08\/level-4-18x4.png.webp 18w, https:\/\/teaphor.com\/wp-content\/webp-express\/webp-images\/uploads\/2025\/08\/level-4.png.webp 400w\" sizes=\"(max-width: 300px) 100vw, 300px\" \/><\/p>","protected":false},"excerpt":{"rendered":"<p>Pr\u00e9par\u00e9 \u00e0 partir de bourgeons de haute qualit\u00e9 et au go\u00fbt riche, ce th\u00e9 me rappelle celui des patates douces r\u00f4ties que l\u2019on d\u00e9guste en automne et en hiver.<\/p>","protected":false},"featured_media":2303,"comment_status":"open","ping_status":"closed","template":"","meta":{"_acf_changed":false,"_kad_blocks_custom_css":"","_kad_blocks_head_custom_js":"","_kad_blocks_body_custom_js":"","_kad_blocks_footer_custom_js":"","_kad_post_transparent":"default","_kad_post_title":"","_kad_post_layout":"default","_kad_post_sidebar_id":"","_kad_post_content_style":"default","_kad_post_vertical_padding":"default","_kad_post_feature":"","_kad_post_feature_position":"","_kad_post_header":false,"_kad_post_footer":false,"_kad_post_classname":""},"product_brand":[],"product_cat":[18],"product_tag":[108,96,97,107,71,66,106,103,104,59,105,98,99,94,109,95],"class_list":{"0":"post-73","1":"product","2":"type-product","3":"status-publish","4":"has-post-thumbnail","6":"product_cat-black-tea","7":"product_tag-afternoon-tea","8":"product_tag-autumnandwinter","9":"product_tag-black-tea","10":"product_tag-clay-teapot","11":"product_tag-fire","12":"product_tag-gaiwan","13":"product_tag-milk-tea-base","14":"product_tag-morning-tea","15":"product_tag-office-tea","16":"product_tag-pure-tea","17":"product_tag-rich-flavor","18":"product_tag-smooth","19":"product_tag-spring","20":"product_tag-sweet","21":"product_tag-warming-tea","22":"product_tag-winter","23":"pa_caffeine-medium","24":"pa_element-fire","25":"pa_flavor-mellow","26":"pa_flavor-umami-sweet","27":"pa_intensity-medium","28":"pa_roast-level-unroasted","30":"first","31":"instock","32":"taxable","33":"shipping-taxable","34":"purchasable","35":"product-type-variable","36":"entry","37":"content-bg","38":"loop-entry"},"acf":[],"aioseo_notices":[],"taxonomy_info":{"product_cat":[{"value":18,"label":"Black \/ Red Teas"}],"product_tag":[{"value":108,"label":"Afternoon Tea"},{"value":96,"label":"Autumn"},{"value":97,"label":"Black Tea"},{"value":107,"label":"Clay Teapot"},{"value":71,"label":"Fire"},{"value":66,"label":"Gaiwan"},{"value":106,"label":"Milk Tea Base"},{"value":103,"label":"Morning tea"},{"value":104,"label":"Office Tea"},{"value":59,"label":"Pure Tea"},{"value":105,"label":"Rich Flavor"},{"value":98,"label":"Smooth"},{"value":99,"label":"Spring"},{"value":94,"label":"Sweet"},{"value":109,"label":"Warming Tea"},{"value":95,"label":"Winter"}],"pa_caffeine":[{"value":151,"label":"Medium"}],"pa_element":[{"value":158,"label":"Fire"}],"pa_flavor":[{"value":176,"label":"Mellow"},{"value":167,"label":"Umami \/ Sweet"}],"pa_intensity":[{"value":169,"label":"Medium"}],"pa_roast-level":[{"value":159,"label":"Unroasted"}]},"featured_image_src_large":["https:\/\/teaphor.com\/wp-content\/uploads\/2025\/08\/web.jpg",800,800,false],"author_info":[],"comment_info":0,"_links":{"self":[{"href":"https:\/\/teaphor.com\/fr\/wp-json\/wp\/v2\/product\/73","targetHints":{"allow":["GET"]}}],"collection":[{"href":"https:\/\/teaphor.com\/fr\/wp-json\/wp\/v2\/product"}],"about":[{"href":"https:\/\/teaphor.com\/fr\/wp-json\/wp\/v2\/types\/product"}],"replies":[{"embeddable":true,"href":"https:\/\/teaphor.com\/fr\/wp-json\/wp\/v2\/comments?post=73"}],"wp:featuredmedia":[{"embeddable":true,"href":"https:\/\/teaphor.com\/fr\/wp-json\/wp\/v2\/media\/2303"}],"wp:attachment":[{"href":"https:\/\/teaphor.com\/fr\/wp-json\/wp\/v2\/media?parent=73"}],"wp:term":[{"taxonomy":"product_brand","embeddable":true,"href":"https:\/\/teaphor.com\/fr\/wp-json\/wp\/v2\/product_brand?post=73"},{"taxonomy":"product_cat","embeddable":true,"href":"https:\/\/teaphor.com\/fr\/wp-json\/wp\/v2\/product_cat?post=73"},{"taxonomy":"product_tag","embeddable":true,"href":"https:\/\/teaphor.com\/fr\/wp-json\/wp\/v2\/product_tag?post=73"}],"curies":[{"name":"wp","href":"https:\/\/api.w.org\/{rel}","templated":true}]}}